{"id":910,"date":"2023-08-31T22:49:17","date_gmt":"2023-08-31T20:49:17","guid":{"rendered":"https:\/\/celine-bonacina.com\/?page_id=910"},"modified":"2023-09-04T21:51:09","modified_gmt":"2023-09-04T19:51:09","slug":"jump","status":"publish","type":"page","link":"https:\/\/celine-bonacina.com\/en\/jump\/","title":{"rendered":"Jump!"},"content":{"rendered":"<div data-colibri-id=\"910-c1\" class=\"style-822 style-local-910-c1 position-relative\">\n  <!---->\n  <div data-colibri-component=\"section\" data-colibri-id=\"910-c2\" id=\"custom\" class=\"h-section h-section-global-spacing d-flex align-items-lg-center align-items-md-center align-items-center style-827 style-local-910-c2 position-relative\">\n    <!---->\n    <!---->\n    <div class=\"h-section-grid-container h-section-boxed-container\">\n      <!---->\n      <div data-colibri-id=\"910-c3\" class=\"h-row-container gutters-row-lg-2 gutters-row-md-2 gutters-row-0 gutters-row-v-lg-2 gutters-row-v-md-2 gutters-row-v-2 style-828 style-local-910-c3 position-relative\">\n        <!---->\n        <div class=\"h-row justify-content-lg-center justify-content-md-center justify-content-center align-items-lg-stretch align-items-md-stretch align-items-stretch gutters-col-lg-2 gutters-col-md-2 gutters-col-0 gutters-col-v-lg-2 gutters-col-v-md-2 gutters-col-v-2\">\n          <!---->\n          <div class=\"h-column h-column-container d-flex h-col-lg-auto h-col-md-auto h-col-auto style-829-outer style-local-910-c4-outer\">\n            <div data-colibri-id=\"910-c4\" class=\"d-flex h-flex-basis h-column__inner h-ui-empty-state-container h-px-lg-2 h-px-md-2 h-px-2 v-inner-lg-2 v-inner-md-2 v-inner-2 style-829 style-local-910-c4 position-relative\">\n              <!---->\n              <!---->\n              <div class=\"w-100 h-y-container h-column__content h-column__v-align flex-basis-100\">\n                <!---->\n              <\/div>\n            <\/div>\n          <\/div>\n          <div class=\"h-column h-column-container d-flex h-col-lg-auto h-col-md-auto h-col-auto style-830-outer style-local-910-c5-outer\">\n            <div data-colibri-id=\"910-c5\" class=\"d-flex h-flex-basis h-column__inner h-px-lg-2 h-px-md-2 h-px-2 v-inner-lg-2 v-inner-md-2 v-inner-2 style-830 style-local-910-c5 position-relative\">\n              <!---->\n              <!---->\n              <div class=\"w-100 h-y-container h-column__content h-column__v-align flex-basis-100 align-self-lg-start align-self-md-start align-self-start\">\n                <!---->\n                <div data-colibri-id=\"910-c6\" class=\"h-text h-text-component style-832 style-local-910-c6 position-relative h-element\">\n                  <!---->\n                  <!---->\n                  <div class=\"\">\n                    <p style=\"cursor: text;\"><span style=\"font-weight: 700;\">LINE UP<\/span><\/p>\n                    <p style=\"cursor: text;\"><span style=\"font-weight: 600;\">C\u00e9line Bonacina<\/span> : saxophone baryton, voix<\/p>\n                    <p style=\"cursor: text;\"><span style=\"font-weight: 600;\">Rachel Eckroth<\/span> : piano, rhodes, claviers, voix<\/p>\n                    <p style=\"cursor: text;\"><span style=\"font-weight: 600;\">Chris Jennings<\/span> : contrebasse<\/p>\n                    <p style=\"cursor: text;\"><span style=\"font-weight: 600;\">John Hadfield<\/span> : batterie, percussions<\/p>\n                  <\/div>\n                <\/div>\n              <\/div>\n            <\/div>\n          <\/div>\n          <div class=\"h-column h-column-container d-flex h-col-lg-auto h-col-md-auto h-col-auto style-831-outer style-local-910-c7-outer\">\n            <div data-colibri-id=\"910-c7\" class=\"d-flex h-flex-basis h-column__inner h-ui-empty-state-container h-px-lg-2 h-px-md-2 h-px-2 v-inner-lg-2 v-inner-md-2 v-inner-2 style-831 style-local-910-c7 position-relative\">\n              <!---->\n              <!---->\n              <div class=\"w-100 h-y-container h-column__content h-column__v-align flex-basis-100\">\n                <!---->\n              <\/div>\n            <\/div>\n          <\/div>\n        <\/div>\n      <\/div>\n    <\/div>\n  <\/div>\n  <div data-colibri-component=\"section\" data-colibri-id=\"910-c8\" id=\"custom-5\" class=\"h-section h-section-global-spacing d-flex align-items-lg-center align-items-md-center align-items-center style-895 style-local-910-c8 position-relative\">\n    <!---->\n    <!---->\n    <div class=\"h-section-grid-container h-section-boxed-container\">\n      <!---->\n      <div data-colibri-id=\"910-c9\" class=\"h-row-container gutters-row-lg-2 gutters-row-md-2 gutters-row-0 gutters-row-v-lg-2 gutters-row-v-md-2 gutters-row-v-2 style-896 style-local-910-c9 position-relative\">\n        <!---->\n        <div class=\"h-row justify-content-lg-center justify-content-md-center justify-content-center align-items-lg-stretch align-items-md-stretch align-items-stretch gutters-col-lg-2 gutters-col-md-2 gutters-col-0 gutters-col-v-lg-2 gutters-col-v-md-2 gutters-col-v-2\">\n          <!---->\n          <div class=\"h-column h-column-container d-flex h-col-lg-auto h-col-md-auto h-col-auto style-897-outer style-local-910-c10-outer\">\n            <div data-colibri-id=\"910-c10\" class=\"d-flex h-flex-basis h-column__inner h-px-lg-2 h-px-md-2 h-px-2 v-inner-lg-2 v-inner-md-2 v-inner-2 style-897 style-local-910-c10 position-relative\">\n              <!---->\n              <!---->\n              <div class=\"w-100 h-y-container h-column__content h-column__v-align flex-basis-100 align-self-lg-start align-self-md-start align-self-start\">\n                <!---->\n                <div data-colibri-id=\"910-c11\" class=\"d-block style-899 style-local-910-c11 position-relative h-element\">\n                  <!---->\n                  <div class=\"h-image__frame-container-outer\">\n                    <div class=\"h-image__frame-container\">\n                      <!---->\n                      <!---->\n                      <img loading=\"lazy\" decoding=\"async\" width=\"2558\" height=\"1708\" src=\"https:\/\/celine-bonacina.com\/wp-content\/uploads\/2023\/09\/cropped-jumplineup-scaled-1.jpg\" class=\"wp-image-1209 style-899-image style-local-910-c11-image\" alt=\"\" srcset=\"https:\/\/celine-bonacina.com\/wp-content\/uploads\/2023\/09\/cropped-jumplineup-scaled-1.jpg 2558w, https:\/\/celine-bonacina.com\/wp-content\/uploads\/2023\/09\/cropped-jumplineup-scaled-1-300x200.jpg 300w, https:\/\/celine-bonacina.com\/wp-content\/uploads\/2023\/09\/cropped-jumplineup-scaled-1-1024x684.jpg 1024w, https:\/\/celine-bonacina.com\/wp-content\/uploads\/2023\/09\/cropped-jumplineup-scaled-1-768x513.jpg 768w, https:\/\/celine-bonacina.com\/wp-content\/uploads\/2023\/09\/cropped-jumplineup-scaled-1-1536x1026.jpg 1536w, https:\/\/celine-bonacina.com\/wp-content\/uploads\/2023\/09\/cropped-jumplineup-scaled-1-2048x1367.jpg 2048w, https:\/\/celine-bonacina.com\/wp-content\/uploads\/2023\/09\/cropped-jumplineup-scaled-1-18x12.jpg 18w\" sizes=\"auto, (max-width: 2558px) 100vw, 2558px\" \/>\n                      <div class=\"h-image__frame h-hide-lg h-hide-md h-hide-sm style-899-frameImage style-local-910-c11-frameImage\"><\/div>\n                    <\/div>\n                  <\/div>\n                <\/div>\n              <\/div>\n            <\/div>\n          <\/div>\n        <\/div>\n      <\/div>\n    <\/div>\n  <\/div>\n  <div data-colibri-component=\"section\" data-colibri-id=\"910-c12\" id=\"custom-2\" class=\"h-section h-section-global-spacing d-flex align-items-lg-center align-items-md-center align-items-center style-836 style-local-910-c12 position-relative\">\n    <!---->\n    <!---->\n    <div class=\"h-section-grid-container h-section-boxed-container\">\n      <!---->\n      <div data-colibri-id=\"910-c13\" class=\"h-row-container gutters-row-lg-2 gutters-row-md-2 gutters-row-0 gutters-row-v-lg-2 gutters-row-v-md-2 gutters-row-v-2 style-837 style-local-910-c13 position-relative\">\n        <!---->\n        <div class=\"h-row justify-content-lg-center justify-content-md-center justify-content-center align-items-lg-stretch align-items-md-stretch align-items-stretch gutters-col-lg-2 gutters-col-md-2 gutters-col-0 gutters-col-v-lg-2 gutters-col-v-md-2 gutters-col-v-2\">\n          <!---->\n          <div class=\"h-column h-column-container d-flex h-col-lg-auto h-col-md-auto h-col-auto style-838-outer style-local-910-c14-outer\">\n            <div data-colibri-id=\"910-c14\" class=\"d-flex h-flex-basis h-column__inner h-ui-empty-state-container h-px-lg-2 h-px-md-2 h-px-2 v-inner-lg-2 v-inner-md-2 v-inner-2 style-838 style-local-910-c14 position-relative\">\n              <!---->\n              <!---->\n              <div class=\"w-100 h-y-container h-column__content h-column__v-align flex-basis-100\">\n                <!---->\n              <\/div>\n            <\/div>\n          <\/div>\n          <div class=\"h-column h-column-container d-flex h-col-lg-auto h-col-md-auto h-col-auto style-839-outer style-local-910-c15-outer\">\n            <div data-colibri-id=\"910-c15\" class=\"d-flex h-flex-basis h-column__inner h-px-lg-2 h-px-md-2 h-px-2 v-inner-lg-2 v-inner-md-2 v-inner-2 style-839 style-local-910-c15 position-relative\">\n              <!---->\n              <!---->\n              <div class=\"w-100 h-y-container h-column__content h-column__v-align flex-basis-100 align-self-lg-start align-self-md-start align-self-start\">\n                <!---->\n                <div data-colibri-id=\"910-c16\" class=\"h-text h-text-component style-841 style-local-910-c16 position-relative h-element\">\n                  <!---->\n                  <!---->\n                  <div class=\"\">\n                    <p style=\"cursor: text;\"><span style=\"font-weight: 700;\">PRESENTATION<\/span><\/p>\n                    <p style=\"cursor: text;\">Pour la premi\u00e8re fois dans sa discographie, un th\u00e8me particulier \u00e0 guid\u00e9 le choix des musiciens et de l\u2019\u00e9criture&nbsp;: un regard malicieux sur un amour de jeunesse, lorsque, \u00e0 l\u2019aube des ann\u00e9es 90, C\u00e9line Bonacina fut transcend\u00e9e\n                      par l&rsquo;\u00e9coute d&rsquo;albums am\u00e9ricains sign\u00e9s Micka\u00ebl Brecker, Chick Corea, Dave Grusin et le son du label GRP, ainsi que beaucoup d&rsquo;autres&#8230;<\/p>\n                    <p>Pour \u00e9voquer cette esth\u00e9tique, C\u00e9line Bonacina pouvait compter sur Chris Jennings (Canada) et John Hadfield (USA) qui forment un exceptionnel tandem contrebasse \/ batterie digne des meilleures cellules rythmiques de la sc\u00e8ne jazz internationale.\n                      La pianiste am\u00e9ricaine Rachel Eckroth, nomin\u00e9e aux Grammy Awards et qui accompagne aussi la chanteuse St.Vincent, est venue elle aussi des USA pour compl\u00e9ter le groupe et d\u00e9velopper avec C\u00e9line Bonacina, tant aux claviers qu\u2019\u00e0 la\n                      voix, un dialogue brillant, bondissant, entre les rivages de l\u2019Atlantique.&nbsp;<\/p>\n                  <\/div>\n                <\/div>\n              <\/div>\n            <\/div>\n          <\/div>\n          <div class=\"h-column h-column-container d-flex h-col-lg-auto h-col-md-auto h-col-auto style-840-outer style-local-910-c17-outer\">\n            <div data-colibri-id=\"910-c17\" class=\"d-flex h-flex-basis h-column__inner h-ui-empty-state-container h-px-lg-2 h-px-md-2 h-px-2 v-inner-lg-2 v-inner-md-2 v-inner-2 style-840 style-local-910-c17 position-relative\">\n              <!---->\n              <!---->\n              <div class=\"w-100 h-y-container h-column__content h-column__v-align flex-basis-100\">\n                <!---->\n              <\/div>\n            <\/div>\n          <\/div>\n        <\/div>\n      <\/div>\n    <\/div>\n  <\/div>\n  <div data-colibri-component=\"section\" data-colibri-id=\"910-c18\" id=\"custom-3\" class=\"h-section h-section-global-spacing d-flex align-items-lg-center align-items-md-center align-items-center style-842 style-local-910-c18 position-relative\">\n    <!---->\n    <!---->\n    <div class=\"h-section-grid-container h-section-boxed-container\">\n      <!---->\n      <div data-colibri-id=\"910-c19\" class=\"h-row-container gutters-row-lg-2 gutters-row-md-2 gutters-row-0 gutters-row-v-lg-2 gutters-row-v-md-2 gutters-row-v-2 style-843 style-local-910-c19 position-relative\">\n        <!---->\n        <div class=\"h-row justify-content-lg-center justify-content-md-center justify-content-center align-items-lg-stretch align-items-md-stretch align-items-stretch gutters-col-lg-2 gutters-col-md-2 gutters-col-0 gutters-col-v-lg-2 gutters-col-v-md-2 gutters-col-v-2\">\n          <!---->\n          <div class=\"h-column h-column-container d-flex h-col-lg-auto h-col-md-auto h-col-auto style-844-outer style-local-910-c20-outer\">\n            <div data-colibri-id=\"910-c20\" class=\"d-flex h-flex-basis h-column__inner h-ui-empty-state-container h-px-lg-2 h-px-md-2 h-px-2 v-inner-lg-2 v-inner-md-2 v-inner-2 style-844 style-local-910-c20 position-relative\">\n              <!---->\n              <!---->\n              <div class=\"w-100 h-y-container h-column__content h-column__v-align flex-basis-100\">\n                <!---->\n              <\/div>\n            <\/div>\n          <\/div>\n          <div class=\"h-column h-column-container d-flex h-col-lg-auto h-col-md-auto h-col-auto style-845-outer style-local-910-c21-outer\">\n            <div data-colibri-id=\"910-c21\" class=\"d-flex h-flex-basis h-column__inner h-px-lg-2 h-px-md-2 h-px-2 v-inner-lg-2 v-inner-md-2 v-inner-2 style-845 style-local-910-c21 position-relative\">\n              <!---->\n              <!---->\n              <div class=\"w-100 h-y-container h-column__content h-column__v-align flex-basis-100 align-self-lg-start align-self-md-start align-self-start\">\n                <!---->\n                <div data-colibri-component=\"video\" data-colibri-id=\"910-c22\" class=\"d-block h-video d-block h-video style-847 style-local-910-c22 position-relative h-element\">\n                  <!---->\n                  <!---->\n                  <div class=\"video-container position-relative\">\n                    <div class=\"h-global-transition-all ratio-inner\"><iframe src=\"https:\/\/www.youtube.com\/embed\/h0qXQGihENk?autoplay=0&#038;mute=0&#038;modestbranding=0&#038;rel=0&#038;enablejsapi=1&#038;\" class='h-video-main'  allowfullscreen><\/iframe><\/div>\n                  <\/div>\n                <\/div>\n              <\/div>\n            <\/div>\n          <\/div>\n          <div class=\"h-column h-column-container d-flex h-col-lg-auto h-col-md-auto h-col-auto style-846-outer style-local-910-c24-outer\">\n            <div data-colibri-id=\"910-c24\" class=\"d-flex h-flex-basis h-column__inner h-ui-empty-state-container h-px-lg-2 h-px-md-2 h-px-2 v-inner-lg-2 v-inner-md-2 v-inner-2 style-846 style-local-910-c24 position-relative\">\n              <!---->\n              <!---->\n              <div class=\"w-100 h-y-container h-column__content h-column__v-align flex-basis-100\">\n                <!---->\n              <\/div>\n            <\/div>\n          <\/div>\n        <\/div>\n      <\/div>\n    <\/div>\n  <\/div>\n  <div data-colibri-component=\"section\" data-colibri-id=\"910-c25\" id=\"custom-4\" class=\"h-section h-section-global-spacing d-flex align-items-lg-center align-items-md-center align-items-center style-849 style-local-910-c25 position-relative\">\n    <!---->\n    <!---->\n    <div class=\"h-section-grid-container h-section-boxed-container\">\n      <!---->\n      <div data-colibri-id=\"910-c26\" class=\"h-row-container gutters-row-lg-2 gutters-row-md-2 gutters-row-0 gutters-row-v-lg-2 gutters-row-v-md-2 gutters-row-v-2 style-850 style-local-910-c26 position-relative\">\n        <!---->\n        <div class=\"h-row justify-content-lg-center justify-content-md-center justify-content-center align-items-lg-stretch align-items-md-stretch align-items-stretch gutters-col-lg-2 gutters-col-md-2 gutters-col-0 gutters-col-v-lg-2 gutters-col-v-md-2 gutters-col-v-2\">\n          <!---->\n          <div class=\"h-column h-column-container d-flex h-col-lg-auto h-col-md-auto h-col-auto style-851-outer style-local-910-c27-outer\">\n            <div data-colibri-id=\"910-c27\" class=\"d-flex h-flex-basis h-column__inner h-ui-empty-state-container h-px-lg-2 h-px-md-2 h-px-2 v-inner-lg-2 v-inner-md-2 v-inner-2 style-851 style-local-910-c27 position-relative\">\n              <!---->\n              <!---->\n              <div class=\"w-100 h-y-container h-column__content h-column__v-align flex-basis-100\">\n                <!---->\n              <\/div>\n            <\/div>\n          <\/div>\n          <div class=\"h-column h-column-container d-flex h-col-lg-auto h-col-md-auto h-col-auto style-852-outer style-local-910-c28-outer\">\n            <div data-colibri-id=\"910-c28\" class=\"d-flex h-flex-basis h-column__inner h-px-lg-2 h-px-md-2 h-px-2 v-inner-lg-2 v-inner-md-2 v-inner-2 style-852 style-local-910-c28 position-relative\">\n              <!---->\n              <!---->\n              <div class=\"w-100 h-y-container h-column__content h-column__v-align flex-basis-100 align-self-lg-start align-self-md-start align-self-start\">\n                <!---->\n                <div data-colibri-id=\"910-c29\" class=\"h-text h-text-component style-854 style-local-910-c29 position-relative h-element\">\n                  <!---->\n                  <!---->\n                  <div class=\"\">\n                    <p style=\"cursor: text;\"><span style=\"font-weight: 700;\">DISCOGRAPHIE<\/span><\/p>\n                    <p style=\"cursor: text;\">C\u00e9line Bonacina \u00ab\u00a0JUMP!\u201c, Cristal Records, 15 septembre 2023<\/p>\n                  <\/div>\n                <\/div>\n              <\/div>\n            <\/div>\n          <\/div>\n          <div class=\"h-column h-column-container d-flex h-col-lg-auto h-col-md-auto h-col-auto style-853-outer style-local-910-c30-outer\">\n            <div data-colibri-id=\"910-c30\" class=\"d-flex h-flex-basis h-column__inner h-ui-empty-state-container h-px-lg-2 h-px-md-2 h-px-2 v-inner-lg-2 v-inner-md-2 v-inner-2 style-853 style-local-910-c30 position-relative\">\n              <!---->\n              <!---->\n              <div class=\"w-100 h-y-container h-column__content h-column__v-align flex-basis-100\">\n                <!---->\n              <\/div>\n            <\/div>\n          <\/div>\n        <\/div>\n      <\/div>\n    <\/div>\n  <\/div>\n<\/div>","protected":false},"excerpt":{"rendered":"<p>LINE UP C\u00e9line Bonacina : saxophone baryton, voix Rachel Eckroth : piano, rhodes, claviers, voix Chris Jennings : contrebasse John Hadfield : batterie, percussions PRESENTATION Pour la premi\u00e8re fois dans sa discographie, un th\u00e8me particulier \u00e0 guid\u00e9 le choix des musiciens et de l\u2019\u00e9criture&nbsp;: un regard malicieux sur un amour de jeunesse, lorsque, \u00e0 l\u2019aube [&hellip;]<\/p>\n","protected":false},"author":2,"featured_media":0,"parent":0,"menu_order":0,"comment_status":"closed","ping_status":"closed","template":"page-templates\/full-width-page.php","meta":{"footnotes":""},"tags":[],"class_list":["post-910","page","type-page","status-publish","hentry"],"_links":{"self":[{"href":"https:\/\/celine-bonacina.com\/en\/wp-json\/wp\/v2\/pages\/910","targetHints":{"allow":["GET"]}}],"collection":[{"href":"https:\/\/celine-bonacina.com\/en\/wp-json\/wp\/v2\/pages"}],"about":[{"href":"https:\/\/celine-bonacina.com\/en\/wp-json\/wp\/v2\/types\/page"}],"author":[{"embeddable":true,"href":"https:\/\/celine-bonacina.com\/en\/wp-json\/wp\/v2\/users\/2"}],"replies":[{"embeddable":true,"href":"https:\/\/celine-bonacina.com\/en\/wp-json\/wp\/v2\/comments?post=910"}],"version-history":[{"count":6,"href":"https:\/\/celine-bonacina.com\/en\/wp-json\/wp\/v2\/pages\/910\/revisions"}],"predecessor-version":[{"id":1218,"href":"https:\/\/celine-bonacina.com\/en\/wp-json\/wp\/v2\/pages\/910\/revisions\/1218"}],"wp:attachment":[{"href":"https:\/\/celine-bonacina.com\/en\/wp-json\/wp\/v2\/media?parent=910"}],"wp:term":[{"taxonomy":"post_tag","embeddable":true,"href":"https:\/\/celine-bonacina.com\/en\/wp-json\/wp\/v2\/tags?post=910"}],"curies":[{"name":"wp","href":"https:\/\/api.w.org\/{rel}","templated":true}]}}