{"id":906,"date":"2023-08-31T22:48:28","date_gmt":"2023-08-31T20:48:28","guid":{"rendered":"https:\/\/celine-bonacina.com\/?page_id=906"},"modified":"2026-02-11T11:33:13","modified_gmt":"2026-02-11T10:33:13","slug":"duo-colibri","status":"publish","type":"page","link":"https:\/\/celine-bonacina.com\/en\/duo-colibri\/","title":{"rendered":"Duo Colibri"},"content":{"rendered":"<div data-colibri-id=\"906-c1\" class=\"style-919 style-local-906-c1 position-relative\">\r\n  <!---->\r\n  <div data-colibri-component=\"section\" data-colibri-id=\"906-c2\" id=\"custom\" class=\"h-section h-section-global-spacing d-flex align-items-lg-center align-items-md-center align-items-center style-920 style-local-906-c2 position-relative\">\r\n    <!---->\r\n    <!---->\r\n    <div class=\"h-section-grid-container h-section-boxed-container\">\r\n      <!---->\r\n      <div data-colibri-id=\"906-c3\" class=\"h-row-container gutters-row-lg-2 gutters-row-md-2 gutters-row-0 gutters-row-v-lg-2 gutters-row-v-md-2 gutters-row-v-2 style-921 style-local-906-c3 position-relative\">\r\n        <!---->\r\n        <div class=\"h-row justify-content-lg-center justify-content-md-center justify-content-center align-items-lg-stretch align-items-md-stretch align-items-stretch gutters-col-lg-2 gutters-col-md-2 gutters-col-0 gutters-col-v-lg-2 gutters-col-v-md-2 gutters-col-v-2\">\r\n          <!---->\r\n          <div class=\"h-column h-column-container d-flex h-col-lg-auto h-col-md-auto h-col-auto style-922-outer style-local-906-c4-outer\">\r\n            <div data-colibri-id=\"906-c4\" class=\"d-flex h-flex-basis h-column__inner h-ui-empty-state-container h-px-lg-2 h-px-md-2 h-px-2 v-inner-lg-2 v-inner-md-2 v-inner-2 style-922 style-local-906-c4 position-relative\">\r\n              <!---->\r\n              <!---->\r\n              <div class=\"w-100 h-y-container h-column__content h-column__v-align flex-basis-100\">\r\n                <!---->\r\n              <\/div>\r\n            <\/div>\r\n          <\/div>\r\n          <div class=\"h-column h-column-container d-flex h-col-lg-auto h-col-md-auto h-col-auto style-923-outer style-local-906-c5-outer\">\r\n            <div data-colibri-id=\"906-c5\" class=\"d-flex h-flex-basis h-column__inner h-px-lg-2 h-px-md-2 h-px-2 v-inner-lg-2 v-inner-md-2 v-inner-2 style-923 style-local-906-c5 position-relative\">\r\n              <!---->\r\n              <!---->\r\n              <div class=\"w-100 h-y-container h-column__content h-column__v-align flex-basis-100 align-self-lg-start align-self-md-start align-self-start\">\r\n                <!---->\r\n                <div data-colibri-id=\"906-c6\" class=\"h-text h-text-component style-925 style-local-906-c6 position-relative h-element\">\r\n                  <!---->\r\n                  <!---->\r\n                  <div class=\"\">\r\n                    <p style=\"cursor: text;\"><span style=\"font-weight: 700;\">LINE UP<\/span><\/p>\r\n                    <p><span style=\"font-weight: 600;\">C\u00e9line Bonacina<\/span>: saxophone baryton &amp; soprano, compositions<\/p>\r\n                    <p><span style=\"font-weight: 600;\">Jean-Pierre Painchaud<\/span>: guitare \u00e9lectrique, compositions<\/p>\r\n                  <\/div>\r\n                <\/div>\r\n              <\/div>\r\n            <\/div>\r\n          <\/div>\r\n          <div class=\"h-column h-column-container d-flex h-col-lg-auto h-col-md-auto h-col-auto style-924-outer style-local-906-c7-outer\">\r\n            <div data-colibri-id=\"906-c7\" class=\"d-flex h-flex-basis h-column__inner h-ui-empty-state-container h-px-lg-2 h-px-md-2 h-px-2 v-inner-lg-2 v-inner-md-2 v-inner-2 style-924 style-local-906-c7 position-relative\">\r\n              <!---->\r\n              <!---->\r\n              <div class=\"w-100 h-y-container h-column__content h-column__v-align flex-basis-100\">\r\n                <!---->\r\n              <\/div>\r\n            <\/div>\r\n          <\/div>\r\n        <\/div>\r\n      <\/div>\r\n    <\/div>\r\n  <\/div>\r\n  <div data-colibri-component=\"section\" data-colibri-id=\"906-c8\" id=\"custom-2\" class=\"h-section h-section-global-spacing d-flex align-items-lg-center align-items-md-center align-items-center style-926 style-local-906-c8 position-relative\">\r\n    <!---->\r\n    <!---->\r\n    <div class=\"h-section-grid-container h-section-boxed-container\">\r\n      <!---->\r\n      <div data-colibri-id=\"906-c9\" class=\"h-row-container gutters-row-lg-2 gutters-row-md-2 gutters-row-0 gutters-row-v-lg-2 gutters-row-v-md-2 gutters-row-v-2 style-927 style-local-906-c9 position-relative\">\r\n        <!---->\r\n        <div class=\"h-row justify-content-lg-center justify-content-md-center justify-content-center align-items-lg-stretch align-items-md-stretch align-items-stretch gutters-col-lg-2 gutters-col-md-2 gutters-col-0 gutters-col-v-lg-2 gutters-col-v-md-2 gutters-col-v-2\">\r\n          <!---->\r\n          <div class=\"h-column h-column-container d-flex h-col-lg-auto h-col-md-auto h-col-auto style-928-outer style-local-906-c10-outer\">\r\n            <div data-colibri-id=\"906-c10\" class=\"d-flex h-flex-basis h-column__inner h-ui-empty-state-container h-px-lg-2 h-px-md-2 h-px-2 v-inner-lg-2 v-inner-md-2 v-inner-2 style-928 style-local-906-c10 position-relative\">\r\n              <!---->\r\n              <!---->\r\n              <div class=\"w-100 h-y-container h-column__content h-column__v-align flex-basis-100\">\r\n                <!---->\r\n              <\/div>\r\n            <\/div>\r\n          <\/div>\r\n          <div class=\"h-column h-column-container d-flex h-col-lg-auto h-col-md-auto h-col-auto style-929-outer style-local-906-c11-outer\">\r\n            <div data-colibri-id=\"906-c11\" class=\"d-flex h-flex-basis h-column__inner h-px-lg-2 h-px-md-2 h-px-2 v-inner-lg-2 v-inner-md-2 v-inner-2 style-929 style-local-906-c11 position-relative\">\r\n              <!---->\r\n              <!---->\r\n              <div class=\"w-100 h-y-container h-column__content h-column__v-align flex-basis-100 align-self-lg-start align-self-md-start align-self-start\">\r\n                <!---->\r\n                <div data-colibri-id=\"906-c12\" class=\"d-block style-931 style-local-906-c12 position-relative h-element\">\r\n                  <!---->\r\n                  <div class=\"h-image__frame-container-outer\">\r\n                    <div class=\"h-image__frame-container\">\r\n                      <!---->\r\n                      <!---->\r\n                      <img loading=\"lazy\" decoding=\"async\" width=\"2000\" height=\"1429\" src=\"https:\/\/celine-bonacina.com\/wp-content\/uploads\/2023\/09\/colibri.jpg\" class=\"wp-image-1274 style-931-image style-local-906-c12-image\" alt=\"\" srcset=\"https:\/\/celine-bonacina.com\/wp-content\/uploads\/2023\/09\/colibri.jpg 2000w, https:\/\/celine-bonacina.com\/wp-content\/uploads\/2023\/09\/colibri-300x214.jpg 300w, https:\/\/celine-bonacina.com\/wp-content\/uploads\/2023\/09\/colibri-1024x732.jpg 1024w, https:\/\/celine-bonacina.com\/wp-content\/uploads\/2023\/09\/colibri-768x549.jpg 768w, https:\/\/celine-bonacina.com\/wp-content\/uploads\/2023\/09\/colibri-1536x1097.jpg 1536w, https:\/\/celine-bonacina.com\/wp-content\/uploads\/2023\/09\/colibri-18x12.jpg 18w\" sizes=\"auto, (max-width: 2000px) 100vw, 2000px\" \/>\r\n                      <div class=\"h-image__frame h-hide-lg h-hide-md h-hide-sm style-931-frameImage style-local-906-c12-frameImage\"><\/div>\r\n                    <\/div>\r\n                  <\/div>\r\n                <\/div>\r\n              <\/div>\r\n            <\/div>\r\n          <\/div>\r\n          <div class=\"h-column h-column-container d-flex h-col-lg-auto h-col-md-auto h-col-auto style-930-outer style-local-906-c13-outer\">\r\n            <div data-colibri-id=\"906-c13\" class=\"d-flex h-flex-basis h-column__inner h-ui-empty-state-container h-px-lg-2 h-px-md-2 h-px-2 v-inner-lg-2 v-inner-md-2 v-inner-2 style-930 style-local-906-c13 position-relative\">\r\n              <!---->\r\n              <!---->\r\n              <div class=\"w-100 h-y-container h-column__content h-column__v-align flex-basis-100\">\r\n                <!---->\r\n              <\/div>\r\n            <\/div>\r\n          <\/div>\r\n        <\/div>\r\n      <\/div>\r\n    <\/div>\r\n  <\/div>\r\n  <div data-colibri-component=\"section\" data-colibri-id=\"906-c14\" id=\"custom-3\" class=\"h-section h-section-global-spacing d-flex align-items-lg-center align-items-md-center align-items-center style-932 style-local-906-c14 position-relative\">\r\n    <!---->\r\n    <!---->\r\n    <div class=\"h-section-grid-container h-section-boxed-container\">\r\n      <!---->\r\n      <div data-colibri-id=\"906-c15\" class=\"h-row-container gutters-row-lg-2 gutters-row-md-2 gutters-row-0 gutters-row-v-lg-2 gutters-row-v-md-2 gutters-row-v-2 style-933 style-local-906-c15 position-relative\">\r\n        <!---->\r\n        <div class=\"h-row justify-content-lg-center justify-content-md-center justify-content-center align-items-lg-stretch align-items-md-stretch align-items-stretch gutters-col-lg-2 gutters-col-md-2 gutters-col-0 gutters-col-v-lg-2 gutters-col-v-md-2 gutters-col-v-2\">\r\n          <!---->\r\n          <div class=\"h-column h-column-container d-flex h-col-lg-auto h-col-md-auto h-col-auto style-934-outer style-local-906-c16-outer\">\r\n            <div data-colibri-id=\"906-c16\" class=\"d-flex h-flex-basis h-column__inner h-ui-empty-state-container h-px-lg-2 h-px-md-2 h-px-2 v-inner-lg-2 v-inner-md-2 v-inner-2 style-934 style-local-906-c16 position-relative\">\r\n              <!---->\r\n              <!---->\r\n              <div class=\"w-100 h-y-container h-column__content h-column__v-align flex-basis-100\">\r\n                <!---->\r\n              <\/div>\r\n            <\/div>\r\n          <\/div>\r\n          <div class=\"h-column h-column-container d-flex h-col-lg-auto h-col-md-auto h-col-auto style-935-outer style-local-906-c17-outer\">\r\n            <div data-colibri-id=\"906-c17\" class=\"d-flex h-flex-basis h-column__inner h-px-lg-2 h-px-md-2 h-px-2 v-inner-lg-2 v-inner-md-2 v-inner-2 style-935 style-local-906-c17 position-relative\">\r\n              <!---->\r\n              <!---->\r\n              <div class=\"w-100 h-y-container h-column__content h-column__v-align flex-basis-100 align-self-lg-start align-self-md-start align-self-start\">\r\n                <!---->\r\n                <div data-colibri-id=\"906-c18\" class=\"h-text h-text-component style-937 style-local-906-c18 position-relative h-element\">\r\n                  <!---->\r\n                  <!---->\r\n                  <div class=\"\">\r\n                    <p><span style=\"font-weight: 600;\">AU SUJET DE COLIBRI<\/span><\/p>\r\n                    <p>\u00ab&nbsp;Nous nous sommes rencontr\u00e9s au Conservatoire \u00e0 Rayonnement D\u00e9partemental d&rsquo;Alen\u00e7on o\u00f9 nous sommes tous les deux enseignants.&nbsp;<\/p>\r\n                    <p>Port\u00e9s par le jazz, les musiques actuelles et les musiques improvis\u00e9es, nous nous sommes d\u00e9couvert des affinit\u00e9s musicales au fil des ann\u00e9es.&nbsp;<\/p>\r\n                    <p>C&rsquo;est tout naturellement que nous avons commenc\u00e9 \u00e0 mettre en commun nos compositions personnelles. Nous avons alors d\u00e9couvert petit \u00e0 petit l&rsquo;originalit\u00e9 de la fusion des timbres de nos instruments, et plus particuli\u00e8rement le m\u00e9lange\r\n                      \u00e9tonnant des modes de jeux et sonorit\u00e9s exploit\u00e9s au saxophone baryton, associ\u00e9s aux diverses palettes de timbres et atmosph\u00e8res expressives de la guitare \u00e9lectrique.&nbsp;<\/p>\r\n                    <p>Notre passion pour la p\u00e9dagogie et notre envie de partage nous am\u00e8nent \u00e0 nous sentir proches de nos publics dans tous types de lieux, et sp\u00e9cialement les lieux intimistes&nbsp;: nous adorons nous inviter dans votre jardin ou votre\r\n                      salon&nbsp;! Et \u00ab&nbsp;faire notre part de colibri&nbsp;\u00bb en diffusant notre univers musical en toute convivialit\u00e9, entre douceur m\u00e9lodique et intensit\u00e9 rythmique.&nbsp;\u00bb<\/p>\r\n                    <p>\r\n                      <br>\r\n                    <\/p>\r\n                    <p><span style=\"font-weight: 600;\">EXTRAIT DE PRESSE:<\/span><\/p>\r\n                    <p><em>\u00ab&nbsp;Saxophoniste jouant du baryton &#8211; mais aussi du soprano, les deux extr\u00eames au sein de cette famille d&rsquo;instruments- C\u00e9line Bonacina poss\u00e8de une fougue musicale qui toujours nous emballe, en compagnie du guitariste Jean-Pierre Painchaud. Leur duo prend le nom de Colibris, signe de modestie, mais aussi de vol rapide et l\u00e9ger, de bonne humeur enfin. Ne les manquez pas!&nbsp;\u00bb<\/em><\/p>\r\n                    <p><em style=\"font-weight: 600;\">Fr\u00e9d\u00e9rick Casadesus, Mediapart<\/em><\/p>\r\n                    <p>\r\n                      <br>\r\n                    <\/p>\r\n                    <p style=\"cursor: text;\"><em>Site Web complet:&nbsp;<\/em><span style=\"font-weight: 600;\">https:\/\/duo-colibri.fr\/<\/span><\/p>\r\n                  <\/div>\r\n                <\/div>\r\n              <\/div>\r\n            <\/div>\r\n          <\/div>\r\n          <div class=\"h-column h-column-container d-flex h-col-lg-auto h-col-md-auto h-col-auto style-936-outer style-local-906-c19-outer\">\r\n            <div data-colibri-id=\"906-c19\" class=\"d-flex h-flex-basis h-column__inner h-ui-empty-state-container h-px-lg-2 h-px-md-2 h-px-2 v-inner-lg-2 v-inner-md-2 v-inner-2 style-936 style-local-906-c19 position-relative\">\r\n              <!---->\r\n              <!---->\r\n              <div class=\"w-100 h-y-container h-column__content h-column__v-align flex-basis-100\">\r\n                <!---->\r\n              <\/div>\r\n            <\/div>\r\n          <\/div>\r\n        <\/div>\r\n      <\/div>\r\n    <\/div>\r\n  <\/div>\r\n<\/div>","protected":false},"excerpt":{"rendered":"<p>LINE UP C\u00e9line Bonacina: saxophone baryton &amp; soprano, compositions Jean-Pierre Painchaud: guitare \u00e9lectrique, compositions AU SUJET DE COLIBRI \u00ab&nbsp;Nous nous sommes rencontr\u00e9s au Conservatoire \u00e0 Rayonnement D\u00e9partemental d&rsquo;Alen\u00e7on o\u00f9 nous sommes tous les deux enseignants.&nbsp; Port\u00e9s par le jazz, les musiques actuelles et les musiques improvis\u00e9es, nous nous sommes d\u00e9couvert des affinit\u00e9s musicales au fil [&hellip;]<\/p>\n","protected":false},"author":2,"featured_media":0,"parent":0,"menu_order":0,"comment_status":"closed","ping_status":"closed","template":"page-templates\/full-width-page.php","meta":{"footnotes":""},"tags":[],"class_list":["post-906","page","type-page","status-publish","hentry"],"_links":{"self":[{"href":"https:\/\/celine-bonacina.com\/en\/wp-json\/wp\/v2\/pages\/906","targetHints":{"allow":["GET"]}}],"collection":[{"href":"https:\/\/celine-bonacina.com\/en\/wp-json\/wp\/v2\/pages"}],"about":[{"href":"https:\/\/celine-bonacina.com\/en\/wp-json\/wp\/v2\/types\/page"}],"author":[{"embeddable":true,"href":"https:\/\/celine-bonacina.com\/en\/wp-json\/wp\/v2\/users\/2"}],"replies":[{"embeddable":true,"href":"https:\/\/celine-bonacina.com\/en\/wp-json\/wp\/v2\/comments?post=906"}],"version-history":[{"count":4,"href":"https:\/\/celine-bonacina.com\/en\/wp-json\/wp\/v2\/pages\/906\/revisions"}],"predecessor-version":[{"id":1311,"href":"https:\/\/celine-bonacina.com\/en\/wp-json\/wp\/v2\/pages\/906\/revisions\/1311"}],"wp:attachment":[{"href":"https:\/\/celine-bonacina.com\/en\/wp-json\/wp\/v2\/media?parent=906"}],"wp:term":[{"taxonomy":"post_tag","embeddable":true,"href":"https:\/\/celine-bonacina.com\/en\/wp-json\/wp\/v2\/tags?post=906"}],"curies":[{"name":"wp","href":"https:\/\/api.w.org\/{rel}","templated":true}]}}