{"id":904,"date":"2023-08-31T22:48:12","date_gmt":"2023-08-31T20:48:12","guid":{"rendered":"https:\/\/celine-bonacina.com\/?page_id=904"},"modified":"2023-09-04T22:28:09","modified_gmt":"2023-09-04T20:28:09","slug":"fly-fly-2","status":"publish","type":"page","link":"https:\/\/celine-bonacina.com\/en\/fly-fly-2\/","title":{"rendered":"Fly Fly"},"content":{"rendered":"<div data-colibri-id=\"904-c1\" class=\"style-803 style-local-904-c1 position-relative\">\n  <!---->\n  <div data-colibri-component=\"section\" data-colibri-id=\"904-c37\" id=\"custom\" class=\"h-section h-section-global-spacing d-flex align-items-lg-center align-items-md-center align-items-center style-991 style-local-904-c37 position-relative\">\n    <!---->\n    <!---->\n    <div class=\"h-section-grid-container h-section-boxed-container\">\n      <!---->\n      <div data-colibri-id=\"904-c38\" class=\"h-row-container gutters-row-lg-2 gutters-row-md-2 gutters-row-0 gutters-row-v-lg-2 gutters-row-v-md-2 gutters-row-v-2 style-992 style-local-904-c38 position-relative\">\n        <!---->\n        <div class=\"h-row justify-content-lg-center justify-content-md-center justify-content-center align-items-lg-stretch align-items-md-stretch align-items-stretch gutters-col-lg-2 gutters-col-md-2 gutters-col-0 gutters-col-v-lg-2 gutters-col-v-md-2 gutters-col-v-2\">\n          <!---->\n          <div class=\"h-column h-column-container d-flex h-col-lg-auto h-col-md-auto h-col-auto style-993-outer style-local-904-c39-outer\">\n            <div data-colibri-id=\"904-c39\" class=\"d-flex h-flex-basis h-column__inner h-ui-empty-state-container h-px-lg-2 h-px-md-2 h-px-2 v-inner-lg-2 v-inner-md-2 v-inner-2 style-993 style-local-904-c39 position-relative\">\n              <!---->\n              <!---->\n              <div class=\"w-100 h-y-container h-column__content h-column__v-align flex-basis-100\">\n                <!---->\n              <\/div>\n            <\/div>\n          <\/div>\n          <div class=\"h-column h-column-container d-flex h-col-lg-auto h-col-md-auto h-col-auto style-994-outer style-local-904-c40-outer\">\n            <div data-colibri-id=\"904-c40\" class=\"d-flex h-flex-basis h-column__inner h-px-lg-2 h-px-md-2 h-px-2 v-inner-lg-2 v-inner-md-2 v-inner-2 style-994 style-local-904-c40 position-relative\">\n              <!---->\n              <!---->\n              <div class=\"w-100 h-y-container h-column__content h-column__v-align flex-basis-100 align-self-lg-start align-self-md-start align-self-start\">\n                <!---->\n                <div data-colibri-id=\"904-c42\" class=\"h-text h-text-component style-996 style-local-904-c42 position-relative h-element\">\n                  <!---->\n                  <!---->\n                  <div class=\"\">\n                    <p style=\"cursor: text;\"><span style=\"font-weight: 700;\">LINE UP<\/span><\/p>\n                    <p><strong style=\"cursor: text; font-weight: 600;\">C\u00e9line Bonacina<\/strong>: saxophones baryton &amp; soprano, voix<\/p>\n                    <p style=\"cursor: text;\"><strong style=\"font-weight: 600;\">Jean-Luc Di Fraya<\/strong>: batterie, percussions, voix<\/p>\n                    <p style=\"cursor: text;\"><strong style=\"font-weight: 600;\">Chris Jennings<\/strong>: contrebasse<\/p>\n                    <p style=\"cursor: text;\"><strong style=\"cursor: text; font-weight: 600;\">Invit\u00e9 : Pierre Durand (album) <\/strong>ou<strong> <\/strong><strong style=\"font-weight: 600;\">Nguy\u00ean L\u00ea (live):<\/strong><strong> <\/strong>guitare \u00e9lectrique<\/p>\n                  <\/div>\n                <\/div>\n              <\/div>\n            <\/div>\n          <\/div>\n          <div class=\"h-column h-column-container d-flex h-col-lg-auto h-col-md-auto h-col-auto style-995-outer style-local-904-c41-outer\">\n            <div data-colibri-id=\"904-c41\" class=\"d-flex h-flex-basis h-column__inner h-ui-empty-state-container h-px-lg-2 h-px-md-2 h-px-2 v-inner-lg-2 v-inner-md-2 v-inner-2 style-995 style-local-904-c41 position-relative\">\n              <!---->\n              <!---->\n              <div class=\"w-100 h-y-container h-column__content h-column__v-align flex-basis-100\">\n                <!---->\n              <\/div>\n            <\/div>\n          <\/div>\n        <\/div>\n      <\/div>\n    <\/div>\n  <\/div>\n  <div data-colibri-component=\"section\" data-colibri-id=\"904-c43\" id=\"custom-2\" class=\"h-section h-section-global-spacing d-flex align-items-lg-center align-items-md-center align-items-center style-997 style-local-904-c43 position-relative\">\n    <!---->\n    <!---->\n    <div class=\"h-section-grid-container h-section-boxed-container\">\n      <!---->\n      <div data-colibri-id=\"904-c44\" class=\"h-row-container gutters-row-lg-2 gutters-row-md-2 gutters-row-0 gutters-row-v-lg-2 gutters-row-v-md-2 gutters-row-v-2 style-998 style-local-904-c44 position-relative\">\n        <!---->\n        <div class=\"h-row justify-content-lg-center justify-content-md-center justify-content-center align-items-lg-stretch align-items-md-stretch align-items-stretch gutters-col-lg-2 gutters-col-md-2 gutters-col-0 gutters-col-v-lg-2 gutters-col-v-md-2 gutters-col-v-2\">\n          <!---->\n          <div class=\"h-column h-column-container d-flex h-col-lg-auto h-col-md-auto h-col-auto style-999-outer style-local-904-c45-outer\">\n            <div data-colibri-id=\"904-c45\" class=\"d-flex h-flex-basis h-column__inner h-ui-empty-state-container h-px-lg-2 h-px-md-2 h-px-2 v-inner-lg-2 v-inner-md-2 v-inner-2 style-999 style-local-904-c45 position-relative\">\n              <!---->\n              <!---->\n              <div class=\"w-100 h-y-container h-column__content h-column__v-align flex-basis-100\">\n                <!---->\n              <\/div>\n            <\/div>\n          <\/div>\n          <div class=\"h-column h-column-container d-flex h-col-lg-auto h-col-md-auto h-col-auto style-1000-outer style-local-904-c46-outer\">\n            <div data-colibri-id=\"904-c46\" class=\"d-flex h-flex-basis h-column__inner h-px-lg-2 h-px-md-2 h-px-2 v-inner-lg-2 v-inner-md-2 v-inner-2 style-1000 style-local-904-c46 position-relative\">\n              <!---->\n              <!---->\n              <div class=\"w-100 h-y-container h-column__content h-column__v-align flex-basis-100 align-self-lg-start align-self-md-start align-self-start\">\n                <!---->\n                <div data-colibri-id=\"904-c48\" class=\"d-block style-1002 style-local-904-c48 position-relative h-element\">\n                  <!---->\n                  <div class=\"h-image__frame-container-outer\">\n                    <div class=\"h-image__frame-container\">\n                      <!---->\n                      <!---->\n                      <img loading=\"lazy\" decoding=\"async\" width=\"2558\" height=\"1707\" src=\"https:\/\/celine-bonacina.com\/wp-content\/uploads\/2023\/08\/cropped-Fly-Fly-0285-2-HD-scaled-1.jpg\" class=\"wp-image-1224 style-1002-image style-local-904-c48-image\" alt=\"\" srcset=\"https:\/\/celine-bonacina.com\/wp-content\/uploads\/2023\/08\/cropped-Fly-Fly-0285-2-HD-scaled-1.jpg 2558w, https:\/\/celine-bonacina.com\/wp-content\/uploads\/2023\/08\/cropped-Fly-Fly-0285-2-HD-scaled-1-300x200.jpg 300w, https:\/\/celine-bonacina.com\/wp-content\/uploads\/2023\/08\/cropped-Fly-Fly-0285-2-HD-scaled-1-1024x683.jpg 1024w, https:\/\/celine-bonacina.com\/wp-content\/uploads\/2023\/08\/cropped-Fly-Fly-0285-2-HD-scaled-1-768x513.jpg 768w, https:\/\/celine-bonacina.com\/wp-content\/uploads\/2023\/08\/cropped-Fly-Fly-0285-2-HD-scaled-1-1536x1025.jpg 1536w, https:\/\/celine-bonacina.com\/wp-content\/uploads\/2023\/08\/cropped-Fly-Fly-0285-2-HD-scaled-1-2048x1367.jpg 2048w, https:\/\/celine-bonacina.com\/wp-content\/uploads\/2023\/08\/cropped-Fly-Fly-0285-2-HD-scaled-1-18x12.jpg 18w\" sizes=\"auto, (max-width: 2558px) 100vw, 2558px\" \/>\n                      <div class=\"h-image__frame h-hide-lg h-hide-md h-hide-sm style-1002-frameImage style-local-904-c48-frameImage\"><\/div>\n                    <\/div>\n                  <\/div>\n                <\/div>\n              <\/div>\n            <\/div>\n          <\/div>\n          <div class=\"h-column h-column-container d-flex h-col-lg-auto h-col-md-auto h-col-auto style-1001-outer style-local-904-c47-outer\">\n            <div data-colibri-id=\"904-c47\" class=\"d-flex h-flex-basis h-column__inner h-ui-empty-state-container h-px-lg-2 h-px-md-2 h-px-2 v-inner-lg-2 v-inner-md-2 v-inner-2 style-1001 style-local-904-c47 position-relative\">\n              <!---->\n              <!---->\n              <div class=\"w-100 h-y-container h-column__content h-column__v-align flex-basis-100\">\n                <!---->\n              <\/div>\n            <\/div>\n          <\/div>\n        <\/div>\n      <\/div>\n    <\/div>\n  <\/div>\n  <div data-colibri-component=\"section\" data-colibri-id=\"904-c49\" id=\"custom-3\" class=\"h-section h-section-global-spacing d-flex align-items-lg-center align-items-md-center align-items-center style-1003 style-local-904-c49 position-relative\">\n    <!---->\n    <!---->\n    <div class=\"h-section-grid-container h-section-boxed-container\">\n      <!---->\n      <div data-colibri-id=\"904-c50\" class=\"h-row-container gutters-row-lg-2 gutters-row-md-2 gutters-row-0 gutters-row-v-lg-2 gutters-row-v-md-2 gutters-row-v-2 style-1004 style-local-904-c50 position-relative\">\n        <!---->\n        <div class=\"h-row justify-content-lg-center justify-content-md-center justify-content-center align-items-lg-stretch align-items-md-stretch align-items-stretch gutters-col-lg-2 gutters-col-md-2 gutters-col-0 gutters-col-v-lg-2 gutters-col-v-md-2 gutters-col-v-2\">\n          <!---->\n          <div class=\"h-column h-column-container d-flex h-col-lg-auto h-col-md-auto h-col-auto style-1005-outer style-local-904-c51-outer\">\n            <div data-colibri-id=\"904-c51\" class=\"d-flex h-flex-basis h-column__inner h-ui-empty-state-container h-px-lg-2 h-px-md-2 h-px-2 v-inner-lg-2 v-inner-md-2 v-inner-2 style-1005 style-local-904-c51 position-relative\">\n              <!---->\n              <!---->\n              <div class=\"w-100 h-y-container h-column__content h-column__v-align flex-basis-100\">\n                <!---->\n              <\/div>\n            <\/div>\n          <\/div>\n          <div class=\"h-column h-column-container d-flex h-col-lg-auto h-col-md-auto h-col-auto style-1006-outer style-local-904-c52-outer\">\n            <div data-colibri-id=\"904-c52\" class=\"d-flex h-flex-basis h-column__inner h-px-lg-2 h-px-md-2 h-px-2 v-inner-lg-2 v-inner-md-2 v-inner-2 style-1006 style-local-904-c52 position-relative\">\n              <!---->\n              <!---->\n              <div class=\"w-100 h-y-container h-column__content h-column__v-align flex-basis-100 align-self-lg-start align-self-md-start align-self-start\">\n                <!---->\n                <div data-colibri-id=\"904-c54\" class=\"h-text h-text-component style-1008 style-local-904-c54 position-relative h-element\">\n                  <!---->\n                  <!---->\n                  <div class=\"\">\n                    <p style=\"cursor: text;\"><span style=\"font-weight: 600; cursor: text;\">PRESENTATION<\/span><\/p>\n                    <p>Ce projet est n\u00e9 d\u2019une r\u00e9sidence en trio au Th\u00e9\u00e2tre du Petit Duc \u00e0 Aix-en-Provence en octobre 2017 avec un r\u00e9pertoire de compositions partag\u00e9es entre C\u00e9line Bonacina et Chris Jennings.<\/p>\n                    <p>On y retrouve les fondamentaux d\u2019un jazz m\u00e9lodique constamment port\u00e9 par des rythmes vivifiants. FlyFly une forme de synth\u00e8se du style de C\u00e9line Bonacina, avec des couleurs nouvelles . Si l \u2019on retrouve la contrebasse lyrique de Chris\n                      Jennings, on d\u00e9couvre la nouvelle collaboration avec le percussionniste, batteur, chanteur Jean-Luc Di Fraya. Il en ressort une plus grande place donn\u00e9e aux voix, et une touche de musiques du monde.<\/p>\n                    <p>La pr\u00e9sence du guitariste Pierre Durand, invit\u00e9 sur quelques titres de l\u2019album, apporte sa touche coloriste et brillante. Nguy\u00ean L\u00ea a mix\u00e9 l\u2019album, est&nbsp;\u00e9galement le guitariste invit\u00e9 lors des concerts live en quartet.<\/p>\n                    <p>\n                      <br>\n                    <\/p>\n                    <p style=\"cursor: text;\"><span style=\"font-weight: 600;\">EXTRAITS DE PRESSE<\/span><\/p>\n                    <p><em style=\"cursor: text;\">\u00ab&nbsp;C\u00e9line Bonacina est de celles dont le son est l\u2019expression d\u2019une morale. Elle publie Fly Fly en trio + invit\u00e9. Attaques, phras\u00e9, loyaut\u00e9, tout est au sommet.&nbsp;\u00bb&nbsp;<\/em><\/p>\n                    <p style=\"cursor: text;\"><em style=\"cursor: text; font-weight: 600;\">Francis Marinade, Le Monde<\/em><\/p>\n                    <p><em>\u00ab&nbsp;Pos\u00e9 sur une rythmique solide et inventive, le saxophone baryton (et parfois soprano) compl\u00e8te ce trio subtil et soud\u00e9, d\u2019une belle et fluide sonorit\u00e9 collective&nbsp;\u00bb.<\/em><\/p>\n                    <p><em style=\"cursor: text; font-weight: 600;\">Lionel Eskenazi, Jazz Magazine<\/em><\/p>\n                  <\/div>\n                <\/div>\n              <\/div>\n            <\/div>\n          <\/div>\n          <div class=\"h-column h-column-container d-flex h-col-lg-auto h-col-md-auto h-col-auto style-1007-outer style-local-904-c53-outer\">\n            <div data-colibri-id=\"904-c53\" class=\"d-flex h-flex-basis h-column__inner h-ui-empty-state-container h-px-lg-2 h-px-md-2 h-px-2 v-inner-lg-2 v-inner-md-2 v-inner-2 style-1007 style-local-904-c53 position-relative\">\n              <!---->\n              <!---->\n              <div class=\"w-100 h-y-container h-column__content h-column__v-align flex-basis-100\">\n                <!---->\n              <\/div>\n            <\/div>\n          <\/div>\n        <\/div>\n      <\/div>\n    <\/div>\n  <\/div>\n  <div data-colibri-component=\"section\" data-colibri-id=\"904-c55\" id=\"custom-4\" class=\"h-section h-section-global-spacing d-flex align-items-lg-center align-items-md-center align-items-center style-1009 style-local-904-c55 position-relative\">\n    <!---->\n    <!---->\n    <div class=\"h-section-grid-container h-section-boxed-container\">\n      <!---->\n      <div data-colibri-id=\"904-c56\" class=\"h-row-container gutters-row-lg-2 gutters-row-md-2 gutters-row-0 gutters-row-v-lg-2 gutters-row-v-md-2 gutters-row-v-2 style-1010 style-local-904-c56 position-relative\">\n        <!---->\n        <div class=\"h-row justify-content-lg-center justify-content-md-center justify-content-center align-items-lg-stretch align-items-md-stretch align-items-stretch gutters-col-lg-2 gutters-col-md-2 gutters-col-0 gutters-col-v-lg-2 gutters-col-v-md-2 gutters-col-v-2\">\n          <!---->\n          <div class=\"h-column h-column-container d-flex h-col-lg-auto h-col-md-auto h-col-auto style-1011-outer style-local-904-c57-outer\">\n            <div data-colibri-id=\"904-c57\" class=\"d-flex h-flex-basis h-column__inner h-ui-empty-state-container h-px-lg-2 h-px-md-2 h-px-2 v-inner-lg-2 v-inner-md-2 v-inner-2 style-1011 style-local-904-c57 position-relative\">\n              <!---->\n              <!---->\n              <div class=\"w-100 h-y-container h-column__content h-column__v-align flex-basis-100\">\n                <!---->\n              <\/div>\n            <\/div>\n          <\/div>\n          <div class=\"h-column h-column-container d-flex h-col-lg-auto h-col-md-auto h-col-auto style-1012-outer style-local-904-c58-outer\">\n            <div data-colibri-id=\"904-c58\" class=\"d-flex h-flex-basis h-column__inner h-px-lg-2 h-px-md-2 h-px-2 v-inner-lg-2 v-inner-md-2 v-inner-2 style-1012 style-local-904-c58 position-relative\">\n              <!---->\n              <!---->\n              <div class=\"w-100 h-y-container h-column__content h-column__v-align flex-basis-100 align-self-lg-start align-self-md-start align-self-start\">\n                <!---->\n                <div data-colibri-component=\"video\" data-colibri-id=\"904-c60\" class=\"d-block h-video d-block h-video style-1014 style-local-904-c60 position-relative h-element\">\n                  <!---->\n                  <!---->\n                  <div class=\"video-container position-relative\">\n                    <div class=\"h-global-transition-all ratio-inner\"><iframe src=\"https:\/\/www.youtube.com\/embed\/xHQCQdseRLE?autoplay=0&#038;mute=0&#038;modestbranding=0&#038;rel=0&#038;enablejsapi=1&#038;\" class='h-video-main'  allowfullscreen><\/iframe><\/div>\n                  <\/div>\n                <\/div>\n              <\/div>\n            <\/div>\n          <\/div>\n          <div class=\"h-column h-column-container d-flex h-col-lg-auto h-col-md-auto h-col-auto style-1013-outer style-local-904-c59-outer\">\n            <div data-colibri-id=\"904-c59\" class=\"d-flex h-flex-basis h-column__inner h-ui-empty-state-container h-px-lg-2 h-px-md-2 h-px-2 v-inner-lg-2 v-inner-md-2 v-inner-2 style-1013 style-local-904-c59 position-relative\">\n              <!---->\n              <!---->\n              <div class=\"w-100 h-y-container h-column__content h-column__v-align flex-basis-100\">\n                <!---->\n              <\/div>\n            <\/div>\n          <\/div>\n        <\/div>\n      <\/div>\n    <\/div>\n  <\/div>\n  <div data-colibri-component=\"section\" data-colibri-id=\"904-c62\" id=\"custom-5\" class=\"h-section h-section-global-spacing d-flex align-items-lg-center align-items-md-center align-items-center style-1016 style-local-904-c62 position-relative\">\n    <!---->\n    <!---->\n    <div class=\"h-section-grid-container h-section-boxed-container\">\n      <!---->\n      <div data-colibri-id=\"904-c63\" class=\"h-row-container gutters-row-lg-2 gutters-row-md-2 gutters-row-0 gutters-row-v-lg-2 gutters-row-v-md-2 gutters-row-v-2 style-1017 style-local-904-c63 position-relative\">\n        <!---->\n        <div class=\"h-row justify-content-lg-center justify-content-md-center justify-content-center align-items-lg-stretch align-items-md-stretch align-items-stretch gutters-col-lg-2 gutters-col-md-2 gutters-col-0 gutters-col-v-lg-2 gutters-col-v-md-2 gutters-col-v-2\">\n          <!---->\n          <div class=\"h-column h-column-container d-flex h-col-lg-auto h-col-md-auto h-col-auto style-1018-outer style-local-904-c64-outer\">\n            <div data-colibri-id=\"904-c64\" class=\"d-flex h-flex-basis h-column__inner h-ui-empty-state-container h-px-lg-2 h-px-md-2 h-px-2 v-inner-lg-2 v-inner-md-2 v-inner-2 style-1018 style-local-904-c64 position-relative\">\n              <!---->\n              <!---->\n              <div class=\"w-100 h-y-container h-column__content h-column__v-align flex-basis-100\">\n                <!---->\n              <\/div>\n            <\/div>\n          <\/div>\n          <div class=\"h-column h-column-container d-flex h-col-lg-auto h-col-md-auto h-col-auto style-1019-outer style-local-904-c65-outer\">\n            <div data-colibri-id=\"904-c65\" class=\"d-flex h-flex-basis h-column__inner h-px-lg-2 h-px-md-2 h-px-2 v-inner-lg-2 v-inner-md-2 v-inner-2 style-1019 style-local-904-c65 position-relative\">\n              <!---->\n              <!---->\n              <div class=\"w-100 h-y-container h-column__content h-column__v-align flex-basis-100 align-self-lg-start align-self-md-start align-self-start\">\n                <!---->\n                <div data-colibri-component=\"video\" data-colibri-id=\"904-c67\" class=\"d-block h-video d-block h-video style-1021 style-local-904-c67 position-relative h-element\">\n                  <!---->\n                  <!---->\n                  <div class=\"video-container position-relative\">\n                    <div class=\"h-global-transition-all ratio-inner\"><iframe src=\"https:\/\/www.youtube.com\/embed\/hfJ0JwhyvGw?autoplay=0&#038;mute=0&#038;modestbranding=0&#038;rel=0&#038;enablejsapi=1&#038;\" class='h-video-main'  allowfullscreen><\/iframe><\/div>\n                  <\/div>\n                <\/div>\n              <\/div>\n            <\/div>\n          <\/div>\n          <div class=\"h-column h-column-container d-flex h-col-lg-auto h-col-md-auto h-col-auto style-1020-outer style-local-904-c66-outer\">\n            <div data-colibri-id=\"904-c66\" class=\"d-flex h-flex-basis h-column__inner h-ui-empty-state-container h-px-lg-2 h-px-md-2 h-px-2 v-inner-lg-2 v-inner-md-2 v-inner-2 style-1020 style-local-904-c66 position-relative\">\n              <!---->\n              <!---->\n              <div class=\"w-100 h-y-container h-column__content h-column__v-align flex-basis-100\">\n                <!---->\n              <\/div>\n            <\/div>\n          <\/div>\n        <\/div>\n      <\/div>\n    <\/div>\n  <\/div>\n  <div data-colibri-component=\"section\" data-colibri-id=\"904-c69\" id=\"custom-6\" class=\"h-section h-section-global-spacing d-flex align-items-lg-center align-items-md-center align-items-center style-1023 style-local-904-c69 position-relative\">\n    <!---->\n    <!---->\n    <div class=\"h-section-grid-container h-section-boxed-container\">\n      <!---->\n      <div data-colibri-id=\"904-c70\" class=\"h-row-container gutters-row-lg-2 gutters-row-md-2 gutters-row-0 gutters-row-v-lg-2 gutters-row-v-md-2 gutters-row-v-2 style-1024 style-local-904-c70 position-relative\">\n        <!---->\n        <div class=\"h-row justify-content-lg-center justify-content-md-center justify-content-center align-items-lg-stretch align-items-md-stretch align-items-stretch gutters-col-lg-2 gutters-col-md-2 gutters-col-0 gutters-col-v-lg-2 gutters-col-v-md-2 gutters-col-v-2\">\n          <!---->\n          <div class=\"h-column h-column-container d-flex h-col-lg-auto h-col-md-auto h-col-auto style-1025-outer style-local-904-c71-outer\">\n            <div data-colibri-id=\"904-c71\" class=\"d-flex h-flex-basis h-column__inner h-ui-empty-state-container h-px-lg-2 h-px-md-2 h-px-2 v-inner-lg-2 v-inner-md-2 v-inner-2 style-1025 style-local-904-c71 position-relative\">\n              <!---->\n              <!---->\n              <div class=\"w-100 h-y-container h-column__content h-column__v-align flex-basis-100\">\n                <!---->\n              <\/div>\n            <\/div>\n          <\/div>\n          <div class=\"h-column h-column-container d-flex h-col-lg-auto h-col-md-auto h-col-auto style-1026-outer style-local-904-c72-outer\">\n            <div data-colibri-id=\"904-c72\" class=\"d-flex h-flex-basis h-column__inner h-px-lg-2 h-px-md-2 h-px-2 v-inner-lg-2 v-inner-md-2 v-inner-2 style-1026 style-local-904-c72 position-relative\">\n              <!---->\n              <!---->\n              <div class=\"w-100 h-y-container h-column__content h-column__v-align flex-basis-100 align-self-lg-start align-self-md-start align-self-start\">\n                <!---->\n                <div data-colibri-id=\"904-c74\" class=\"h-text h-text-component style-1028 style-local-904-c74 position-relative h-element\">\n                  <!---->\n                  <!---->\n                  <div class=\"\">\n                    <p>DISCOGRAPHIE<\/p>\n                    <p style=\"cursor: text;\">C\u00e9line Bonacina \u201eFly Fly\u201c, Cristal Records, Octobre 2019<\/p>\n                  <\/div>\n                <\/div>\n              <\/div>\n            <\/div>\n          <\/div>\n          <div class=\"h-column h-column-container d-flex h-col-lg-auto h-col-md-auto h-col-auto style-1027-outer style-local-904-c73-outer\">\n            <div data-colibri-id=\"904-c73\" class=\"d-flex h-flex-basis h-column__inner h-ui-empty-state-container h-px-lg-2 h-px-md-2 h-px-2 v-inner-lg-2 v-inner-md-2 v-inner-2 style-1027 style-local-904-c73 position-relative\">\n              <!---->\n              <!---->\n              <div class=\"w-100 h-y-container h-column__content h-column__v-align flex-basis-100\">\n                <!---->\n              <\/div>\n            <\/div>\n          <\/div>\n        <\/div>\n      <\/div>\n    <\/div>\n  <\/div>\n<\/div>","protected":false},"excerpt":{"rendered":"<p>LINE UP C\u00e9line Bonacina: saxophones baryton &amp; soprano, voix Jean-Luc Di Fraya: batterie, percussions, voix Chris Jennings: contrebasse Invit\u00e9 : Pierre Durand (album) ou Nguy\u00ean L\u00ea (live): guitare \u00e9lectrique PRESENTATION Ce projet est n\u00e9 d\u2019une r\u00e9sidence en trio au Th\u00e9\u00e2tre du Petit Duc \u00e0 Aix-en-Provence en octobre 2017 avec un r\u00e9pertoire de compositions partag\u00e9es entre [&hellip;]<\/p>\n","protected":false},"author":2,"featured_media":0,"parent":0,"menu_order":0,"comment_status":"closed","ping_status":"closed","template":"page-templates\/full-width-page.php","meta":{"footnotes":""},"tags":[],"class_list":["post-904","page","type-page","status-publish","hentry"],"_links":{"self":[{"href":"https:\/\/celine-bonacina.com\/en\/wp-json\/wp\/v2\/pages\/904","targetHints":{"allow":["GET"]}}],"collection":[{"href":"https:\/\/celine-bonacina.com\/en\/wp-json\/wp\/v2\/pages"}],"about":[{"href":"https:\/\/celine-bonacina.com\/en\/wp-json\/wp\/v2\/types\/page"}],"author":[{"embeddable":true,"href":"https:\/\/celine-bonacina.com\/en\/wp-json\/wp\/v2\/users\/2"}],"replies":[{"embeddable":true,"href":"https:\/\/celine-bonacina.com\/en\/wp-json\/wp\/v2\/comments?post=904"}],"version-history":[{"count":15,"href":"https:\/\/celine-bonacina.com\/en\/wp-json\/wp\/v2\/pages\/904\/revisions"}],"predecessor-version":[{"id":1332,"href":"https:\/\/celine-bonacina.com\/en\/wp-json\/wp\/v2\/pages\/904\/revisions\/1332"}],"wp:attachment":[{"href":"https:\/\/celine-bonacina.com\/en\/wp-json\/wp\/v2\/media?parent=904"}],"wp:term":[{"taxonomy":"post_tag","embeddable":true,"href":"https:\/\/celine-bonacina.com\/en\/wp-json\/wp\/v2\/tags?post=904"}],"curies":[{"name":"wp","href":"https:\/\/api.w.org\/{rel}","templated":true}]}}