{"id":37,"date":"2021-05-31T11:26:25","date_gmt":"2021-05-31T09:26:25","guid":{"rendered":"https:\/\/celine-bonacina.com\/official\/?page_id=37"},"modified":"2023-09-13T22:54:41","modified_gmt":"2023-09-13T20:54:41","slug":"dehors-bonacina","status":"publish","type":"page","link":"https:\/\/celine-bonacina.com\/en\/dehors-bonacina\/","title":{"rendered":"Duo C\u00e9line Bonacina Laurent Dehors"},"content":{"rendered":"<div data-colibri-id=\"37-c1\" class=\"style-736 style-local-37-c1 position-relative\">\n  <!---->\n  <div data-colibri-component=\"section\" data-colibri-id=\"37-c2\" id=\"custom-2\" class=\"h-section h-section-global-spacing d-flex align-items-lg-center align-items-md-center align-items-center style-757 style-local-37-c2 position-relative\">\n    <!---->\n    <!---->\n    <div class=\"h-section-grid-container h-section-boxed-container\">\n      <!---->\n      <div data-colibri-id=\"37-c3\" class=\"h-row-container gutters-row-lg-2 gutters-row-md-2 gutters-row-0 gutters-row-v-lg-2 gutters-row-v-md-2 gutters-row-v-2 style-780 style-local-37-c3 position-relative\">\n        <!---->\n        <div class=\"h-row justify-content-lg-center justify-content-md-center justify-content-center align-items-lg-stretch align-items-md-stretch align-items-stretch gutters-col-lg-2 gutters-col-md-2 gutters-col-0 gutters-col-v-lg-2 gutters-col-v-md-2 gutters-col-v-2\">\n          <!---->\n          <div class=\"h-column h-column-container d-flex h-col-lg-auto h-col-md-auto h-col-auto style-781-outer style-local-37-c4-outer\">\n            <div data-colibri-id=\"37-c4\" class=\"d-flex h-flex-basis h-column__inner h-px-lg-2 h-px-md-2 h-px-2 v-inner-lg-2 v-inner-md-2 v-inner-2 style-781 style-local-37-c4 position-relative\">\n              <!---->\n              <!---->\n              <div class=\"w-100 h-y-container h-column__content h-column__v-align flex-basis-100 align-self-lg-start align-self-md-start align-self-start\">\n                <!---->\n                <div data-colibri-id=\"37-c5\" class=\"h-text h-text-component style-783 style-local-37-c5 position-relative h-element\">\n                  <!---->\n                  <!---->\n                  <div class=\"\">\n                    <p><strong style=\"font-weight: 700;\">LINE UP<\/strong><\/p>\n                    <p><strong style=\"font-weight: 600;\">C\u00e9line Bonacina<\/strong>: saxophone baryton &amp; soprano, compositions<\/p>\n                    <p style=\"cursor: text;\"><strong style=\"font-weight: 600;\">Laurent Dehors<\/strong>: clarinettes, saxophones, cornemuse, flute \u00e0 bec, compositions<\/p>\n                  <\/div>\n                <\/div>\n              <\/div>\n            <\/div>\n          <\/div>\n        <\/div>\n      <\/div>\n      <div data-colibri-id=\"37-c6\" class=\"h-row-container gutters-row-lg-2 gutters-row-md-2 gutters-row-0 gutters-row-v-lg-2 gutters-row-v-md-2 gutters-row-v-2 style-758 style-local-37-c6 position-relative\">\n        <!---->\n        <div class=\"h-row justify-content-lg-center justify-content-md-center justify-content-center align-items-lg-stretch align-items-md-stretch align-items-stretch gutters-col-lg-2 gutters-col-md-2 gutters-col-0 gutters-col-v-lg-2 gutters-col-v-md-2 gutters-col-v-2\">\n          <!---->\n          <div class=\"h-column h-column-container d-flex h-col-lg-auto h-col-md-auto h-col-auto style-759-outer style-local-37-c7-outer\">\n            <div data-colibri-id=\"37-c7\" class=\"d-flex h-flex-basis h-column__inner h-ui-empty-state-container h-px-lg-2 h-px-md-2 h-px-2 v-inner-lg-2 v-inner-md-2 v-inner-2 style-759 style-local-37-c7 position-relative\">\n              <!---->\n              <!---->\n              <div class=\"w-100 h-y-container h-column__content h-column__v-align flex-basis-100\">\n                <!---->\n              <\/div>\n            <\/div>\n          <\/div>\n          <div class=\"h-column h-column-container d-flex h-col-lg-auto h-col-md-auto h-col-auto style-760-outer style-local-37-c8-outer\">\n            <div data-colibri-id=\"37-c8\" class=\"d-flex h-flex-basis h-column__inner h-px-lg-2 h-px-md-2 h-px-2 v-inner-lg-2 v-inner-md-2 v-inner-2 style-760 style-local-37-c8 position-relative\">\n              <!---->\n              <!---->\n              <div class=\"w-100 h-y-container h-column__content h-column__v-align flex-basis-100 align-self-lg-start align-self-md-start align-self-start\">\n                <!---->\n                <div data-colibri-id=\"37-c9\" class=\"d-block style-762 style-local-37-c9 position-relative h-element\">\n                  <!---->\n                  <div class=\"h-image__frame-container-outer\">\n                    <div class=\"h-image__frame-container\">\n                      <!---->\n                      <!---->\n                      <img loading=\"lazy\" decoding=\"async\" width=\"1653\" height=\"1102\" src=\"https:\/\/celine-bonacina.com\/wp-content\/uploads\/2023\/08\/cropped-cropped-cropped-DehorsBonacina.jpg\" class=\"wp-image-1018 style-762-image style-local-37-c9-image\" alt=\"\" srcset=\"https:\/\/celine-bonacina.com\/wp-content\/uploads\/2023\/08\/cropped-cropped-cropped-DehorsBonacina.jpg 1653w, https:\/\/celine-bonacina.com\/wp-content\/uploads\/2023\/08\/cropped-cropped-cropped-DehorsBonacina-300x200.jpg 300w, https:\/\/celine-bonacina.com\/wp-content\/uploads\/2023\/08\/cropped-cropped-cropped-DehorsBonacina-1024x683.jpg 1024w, https:\/\/celine-bonacina.com\/wp-content\/uploads\/2023\/08\/cropped-cropped-cropped-DehorsBonacina-768x512.jpg 768w, https:\/\/celine-bonacina.com\/wp-content\/uploads\/2023\/08\/cropped-cropped-cropped-DehorsBonacina-1536x1024.jpg 1536w, https:\/\/celine-bonacina.com\/wp-content\/uploads\/2023\/08\/cropped-cropped-cropped-DehorsBonacina-18x12.jpg 18w\" sizes=\"auto, (max-width: 1653px) 100vw, 1653px\" \/>\n                      <div class=\"h-image__frame h-hide-lg h-hide-md h-hide-sm style-762-frameImage style-local-37-c9-frameImage\"><\/div>\n                    <\/div>\n                  <\/div>\n                <\/div>\n              <\/div>\n            <\/div>\n          <\/div>\n          <div class=\"h-column h-column-container d-flex h-col-lg-auto h-col-md-auto h-col-auto style-761-outer style-local-37-c10-outer\">\n            <div data-colibri-id=\"37-c10\" class=\"d-flex h-flex-basis h-column__inner h-ui-empty-state-container h-px-lg-2 h-px-md-2 h-px-2 v-inner-lg-2 v-inner-md-2 v-inner-2 style-761 style-local-37-c10 position-relative\">\n              <!---->\n              <!---->\n              <div class=\"w-100 h-y-container h-column__content h-column__v-align flex-basis-100\">\n                <!---->\n              <\/div>\n            <\/div>\n          <\/div>\n        <\/div>\n      <\/div>\n    <\/div>\n  <\/div>\n  <div data-colibri-component=\"section\" data-colibri-id=\"37-c11\" id=\"custom-3\" class=\"h-section h-section-global-spacing d-flex align-items-lg-center align-items-md-center align-items-center style-763 style-local-37-c11 position-relative\">\n    <!---->\n    <!---->\n    <div class=\"h-section-grid-container h-section-boxed-container\">\n      <!---->\n      <div data-colibri-id=\"37-c12\" class=\"h-row-container gutters-row-lg-2 gutters-row-md-2 gutters-row-0 gutters-row-v-lg-2 gutters-row-v-md-2 gutters-row-v-2 style-764 style-local-37-c12 position-relative\">\n        <!---->\n        <div class=\"h-row justify-content-lg-center justify-content-md-center justify-content-center align-items-lg-stretch align-items-md-stretch align-items-stretch gutters-col-lg-2 gutters-col-md-2 gutters-col-0 gutters-col-v-lg-2 gutters-col-v-md-2 gutters-col-v-2\">\n          <!---->\n          <div class=\"h-column h-column-container d-flex h-col-lg-auto h-col-md-auto h-col-auto style-765-outer style-local-37-c13-outer\">\n            <div data-colibri-id=\"37-c13\" class=\"d-flex h-flex-basis h-column__inner h-ui-empty-state-container h-px-lg-2 h-px-md-2 h-px-2 v-inner-lg-2 v-inner-md-2 v-inner-2 style-765 style-local-37-c13 position-relative\">\n              <!---->\n              <!---->\n              <div class=\"w-100 h-y-container h-column__content h-column__v-align flex-basis-100\">\n                <!---->\n              <\/div>\n            <\/div>\n          <\/div>\n          <div class=\"h-column h-column-container d-flex h-col-lg-auto h-col-md-auto h-col-auto style-766-outer style-local-37-c14-outer\">\n            <div data-colibri-id=\"37-c14\" class=\"d-flex h-flex-basis h-column__inner h-px-lg-2 h-px-md-2 h-px-2 v-inner-lg-2 v-inner-md-2 v-inner-2 style-766 style-local-37-c14 position-relative\">\n              <!---->\n              <!---->\n              <div class=\"w-100 h-y-container h-column__content h-column__v-align flex-basis-100 align-self-lg-start align-self-md-start align-self-start\">\n                <!---->\n                <div data-colibri-id=\"37-c15\" class=\"h-text h-text-component style-768 style-local-37-c15 position-relative h-element\">\n                  <!---->\n                  <!---->\n                  <div class=\"\">\n                    <p style=\"cursor: text;\"><span style=\"font-weight: 700;\">AU SUJET DU DUO<\/span><\/p>\n                    <p>Lorsque les univers musicaux et les personnalit\u00e9s de C\u00e9line Bonacina et Laurent Dehors se rencontrent, on ne sait pas jusqu&rsquo;o\u00f9 cela peut nous mener! Avec C\u00e9line Bonacina aux saxophones baryton, soprano ou \u00e0 la voix et Laurent Dehors,\n                      poly-instumentiste, aux diverses clarinettes, du tr\u00e8s grave \u00e0 l&rsquo;aigu, en passant par le saxophone t\u00e9nor ou la cornemuse, les combinaisons de timbres et d&rsquo;ambiances musicales promettent d&rsquo;\u00eatre contrast\u00e9es. Alliant \u00e0 la fois extr\u00eame\n                      douceur et \u00e9nergie presque sauvage, ces deux instrumentistes explorent toute une palette d&rsquo;\u00e9motions en duo, au gr\u00e9 de leurs compositions personnelles.&nbsp;<\/p>\n                    <p>\n                      <br>\n                    <\/p>\n                    <p style=\"cursor: text;\"><span style=\"font-weight: 700;\">EXTRAITS DE PRESSE<\/span><\/p>\n                    <p>&nbsp;<em>\u00ab\u00a0&#8230; Ce duo est une r\u00e9v\u00e9lation. Remarquable et enthousiasmant! Pourtant leur alliance est plausible, presque naturelle tant ils combinent \u00e0 eux deux de multiples possibilit\u00e9s instrumentales\u2026\u00a0\u00bb<\/em><\/p>\n                    <p><em style=\"cursor: text; font-weight: 600;\">Sophie Chambon, Jazz Magazine<\/em><\/p>\n                    <p><em>\u00a0\u00bb &#8230; Ils nous font s\u2019envoler, ces deux-l\u00e0, au dessus d\u2019un monde qui serait libre, o\u00f9 le jazz danserait enfin avec la java, mais aussi avec du free, des sons qui grognent, des sons de fleurs, des sons purs. Et rigolos, il faut le dire\u2026\u00a0\u00bb<\/em><\/p>\n                    <p><em style=\"cursor: text; font-weight: 600;\">Gilette Duroure , Jazz Rh\u00f4ne-Alpes<\/em><\/p>\n                  <\/div>\n                <\/div>\n              <\/div>\n            <\/div>\n          <\/div>\n          <div class=\"h-column h-column-container d-flex h-col-lg-auto h-col-md-auto h-col-auto style-767-outer style-local-37-c16-outer\">\n            <div data-colibri-id=\"37-c16\" class=\"d-flex h-flex-basis h-column__inner h-ui-empty-state-container h-px-lg-2 h-px-md-2 h-px-2 v-inner-lg-2 v-inner-md-2 v-inner-2 style-767 style-local-37-c16 position-relative\">\n              <!---->\n              <!---->\n              <div class=\"w-100 h-y-container h-column__content h-column__v-align flex-basis-100\">\n                <!---->\n              <\/div>\n            <\/div>\n          <\/div>\n        <\/div>\n      <\/div>\n    <\/div>\n  <\/div>\n  <div data-colibri-component=\"section\" data-colibri-id=\"37-c17\" id=\"custom\" class=\"h-section h-section-global-spacing d-flex align-items-lg-center align-items-md-center align-items-center style-1273 style-local-37-c17 position-relative\">\n    <!---->\n    <!---->\n    <div class=\"h-section-grid-container h-section-boxed-container\">\n      <!---->\n      <div data-colibri-id=\"37-c18\" class=\"h-row-container gutters-row-lg-2 gutters-row-md-2 gutters-row-0 gutters-row-v-lg-2 gutters-row-v-md-2 gutters-row-v-2 style-1274 style-local-37-c18 position-relative\">\n        <!---->\n        <div class=\"h-row justify-content-lg-center justify-content-md-center justify-content-center align-items-lg-stretch align-items-md-stretch align-items-stretch gutters-col-lg-2 gutters-col-md-2 gutters-col-0 gutters-col-v-lg-2 gutters-col-v-md-2 gutters-col-v-2\">\n          <!---->\n          <div class=\"h-column h-column-container d-flex h-col-lg-auto h-col-md-auto h-col-auto style-1275-outer style-local-37-c19-outer\">\n            <div data-colibri-id=\"37-c19\" class=\"d-flex h-flex-basis h-column__inner h-ui-empty-state-container h-px-lg-2 h-px-md-2 h-px-2 v-inner-lg-2 v-inner-md-2 v-inner-2 style-1275 style-local-37-c19 position-relative\">\n              <!---->\n              <!---->\n              <div class=\"w-100 h-y-container h-column__content h-column__v-align flex-basis-100\">\n                <!---->\n              <\/div>\n            <\/div>\n          <\/div>\n          <div class=\"h-column h-column-container d-flex h-col-lg-auto h-col-md-auto h-col-auto style-1276-outer style-local-37-c20-outer\">\n            <div data-colibri-id=\"37-c20\" class=\"d-flex h-flex-basis h-column__inner h-px-lg-2 h-px-md-2 h-px-2 v-inner-lg-2 v-inner-md-2 v-inner-2 style-1276 style-local-37-c20 position-relative\">\n              <!---->\n              <!---->\n              <div class=\"w-100 h-y-container h-column__content h-column__v-align flex-basis-100 align-self-lg-start align-self-md-start align-self-start\">\n                <!---->\n                <div data-colibri-component=\"video\" data-colibri-id=\"37-c22\" class=\"d-block h-video d-block h-video style-1278 style-local-37-c22 position-relative h-element\">\n                  <!---->\n                  <!---->\n                  <div class=\"video-container position-relative\">\n                    <div class=\"h-global-transition-all ratio-inner\"><iframe src=\"https:\/\/www.youtube.com\/embed\/kAk-82tis8U?autoplay=0&#038;mute=0&#038;modestbranding=0&#038;rel=0&#038;enablejsapi=1&#038;\" class='h-video-main'  allowfullscreen><\/iframe><\/div>\n                  <\/div>\n                <\/div>\n              <\/div>\n            <\/div>\n          <\/div>\n          <div class=\"h-column h-column-container d-flex h-col-lg-auto h-col-md-auto h-col-auto style-1277-outer style-local-37-c21-outer\">\n            <div data-colibri-id=\"37-c21\" class=\"d-flex h-flex-basis h-column__inner h-ui-empty-state-container h-px-lg-2 h-px-md-2 h-px-2 v-inner-lg-2 v-inner-md-2 v-inner-2 style-1277 style-local-37-c21 position-relative\">\n              <!---->\n              <!---->\n              <div class=\"w-100 h-y-container h-column__content h-column__v-align flex-basis-100\">\n                <!---->\n              <\/div>\n            <\/div>\n          <\/div>\n        <\/div>\n      <\/div>\n    <\/div>\n  <\/div>\n<\/div>","protected":false},"excerpt":{"rendered":"<p>LINE UP C\u00e9line Bonacina: saxophone baryton &amp; soprano, compositions Laurent Dehors: clarinettes, saxophones, cornemuse, flute \u00e0 bec, compositions AU SUJET DU DUO Lorsque les univers musicaux et les personnalit\u00e9s de C\u00e9line Bonacina et Laurent Dehors se rencontrent, on ne sait pas jusqu&rsquo;o\u00f9 cela peut nous mener! Avec C\u00e9line Bonacina aux saxophones baryton, soprano ou \u00e0 [&hellip;]<\/p>\n","protected":false},"author":2,"featured_media":0,"parent":0,"menu_order":0,"comment_status":"closed","ping_status":"closed","template":"page-templates\/full-width-page.php","meta":{"footnotes":""},"tags":[],"class_list":["post-37","page","type-page","status-publish","hentry"],"_links":{"self":[{"href":"https:\/\/celine-bonacina.com\/en\/wp-json\/wp\/v2\/pages\/37","targetHints":{"allow":["GET"]}}],"collection":[{"href":"https:\/\/celine-bonacina.com\/en\/wp-json\/wp\/v2\/pages"}],"about":[{"href":"https:\/\/celine-bonacina.com\/en\/wp-json\/wp\/v2\/types\/page"}],"author":[{"embeddable":true,"href":"https:\/\/celine-bonacina.com\/en\/wp-json\/wp\/v2\/users\/2"}],"replies":[{"embeddable":true,"href":"https:\/\/celine-bonacina.com\/en\/wp-json\/wp\/v2\/comments?post=37"}],"version-history":[{"count":15,"href":"https:\/\/celine-bonacina.com\/en\/wp-json\/wp\/v2\/pages\/37\/revisions"}],"predecessor-version":[{"id":1676,"href":"https:\/\/celine-bonacina.com\/en\/wp-json\/wp\/v2\/pages\/37\/revisions\/1676"}],"wp:attachment":[{"href":"https:\/\/celine-bonacina.com\/en\/wp-json\/wp\/v2\/media?parent=37"}],"wp:term":[{"taxonomy":"post_tag","embeddable":true,"href":"https:\/\/celine-bonacina.com\/en\/wp-json\/wp\/v2\/tags?post=37"}],"curies":[{"name":"wp","href":"https:\/\/api.w.org\/{rel}","templated":true}]}}