{"id":315,"date":"2022-12-13T10:44:22","date_gmt":"2022-12-13T09:44:22","guid":{"rendered":"https:\/\/celine-bonacina.com\/?page_id=315"},"modified":"2022-12-13T10:46:28","modified_gmt":"2022-12-13T09:46:28","slug":"2022-2","status":"publish","type":"page","link":"https:\/\/celine-bonacina.com\/en\/2022-2\/","title":{"rendered":"2022"},"content":{"rendered":"<p><\/p>\n\n\n\n<p><strong>JANUARY\/ JANVIER<\/strong><\/p>\n\n\n\n<p><strong>15.01<\/strong> &#8211; <strong>C\u00e9line Bonacina &amp; Jean-Pierre Painchaud Duo Colibris<\/strong> @ L&rsquo;Enchantoir &#8211; Granville (50) &#8211; France<\/p>\n\n\n\n<p><\/p>\n\n\n\n<p id=\"january-janvier\"><strong>FEBRUARY\/ FEVRIER<\/strong><\/p>\n\n\n\n<p><strong>12.02<\/strong> \u2013 <strong>C\u00e9line Bonacina Fly Fly <\/strong>@ Jazz au Confluent \u2013 Conflans-Ste-Honorine (78) \u2013 France<\/p>\n\n\n\n<p><strong>26.02<\/strong> \u2013 <strong>C\u00e9line Bonacina Fly Fly <\/strong>@ Jazz Station \u2013 Bruxelles \u2013 Belgium <\/p>\n\n\n\n<p><\/p>\n\n\n\n<p id=\"march-mars-1\"><strong>MARCH \/ MARS<\/strong><\/p>\n\n\n\n<p><strong>08.03<\/strong> &#8211; <strong>Lisa Cat-Berro Solaxis <\/strong>@ Le Gueulard Plus &#8211; Nilvange (57) &#8211; France<\/p>\n\n\n\n<p><strong>12.03<\/strong> &#8211; <strong>C\u00e9line Bonacina &amp; Laurent Dehors R\u00e9gional Tour<strong> \/ Le Mans Jazz <\/strong> <\/strong> @ Le Reflet &#8211; Saint-Berthevin (53) &#8211; France<\/p>\n\n\n\n<p><strong>15.03<\/strong> &#8211; <strong>C\u00e9line Bonacina &amp; Laurent Dehors R\u00e9gional Tour<strong> \/ Le Mans Jazz <\/strong> <\/strong>@ Th\u00e9\u00e2tre de la Halle au Bl\u00e9 &#8211; La Fl\u00e8che (72) &#8211; France<\/p>\n\n\n\n<p><strong>17.03 &#8211; C\u00e9line Bonacina &amp; Laurent Dehors R\u00e9gional Tour<strong> \/ Le Mans Jazz <\/strong> <\/strong>@ Th\u00e9\u00e2tre de l&rsquo;Avant-Sc\u00e8ne &#8211; Tr\u00e9laz\u00e9 (49) &#8211; France<\/p>\n\n\n\n<p><\/p>\n\n\n\n<p><strong>APRIL \/ AVRIL<\/strong><\/p>\n\n\n\n<p><strong>25.04<\/strong> &#8211; <strong>C\u00e9line Bonacina &amp; Laurent Dehors R\u00e9gional Tour \/ Le Mans Jazz <\/strong>@ CFA &#8211;  Saint Nazaire (44) &#8211; France<\/p>\n\n\n\n<p><strong>28.04 &#8211; C\u00e9line Bonacina &amp; Laurent Dehors R\u00e9gional Tour \/ Le Mans Jazz <\/strong>@ Lyc\u00e9e Marguerite de Navarre &#8211; Alen\u00e7on (61) &#8211; France<\/p>\n\n\n\n<p><strong>30.04 &#8211; C\u00e9line Bonacina &amp; Jean-Pierre Painchaud Duo Colibris<\/strong> @ Soir\u00e9e Solidarit\u00e9 Ukraine &#8211; Halle aux Toiles &#8211; Alen\u00e7on (61) &#8211; France<\/p>\n\n\n\n<p><\/p>\n\n\n\n<p><strong>MAY \/ MAI<\/strong><\/p>\n\n\n\n<p><strong>07.05 &#8211; C\u00e9line Bonacina &amp; Jean-Pierre Painchaud Duo Colibris<\/strong> @ Caf\u00e9 16 Caf\u00e9 de la Blaise &#8211; Cr\u00e9cy-Couv\u00e9 (28) &#8211; France<\/p>\n\n\n\n<p><strong>13.05 &#8211; C\u00e9line Bonacina &amp; Jean-Pierre Painchaud Duo Colibris<\/strong> @ Saint-Malo (35) &#8211; France<\/p>\n\n\n\n<p><strong>14.05 &#8211;<\/strong> <strong>C\u00e9line Bonacina &amp; Jean-Pierre Painchaud Duo Colibris<\/strong> @ Rennes (35) &#8211; France<\/p>\n\n\n\n<p><strong>15.05<\/strong> &#8211; <strong>C\u00e9line Bonacina &amp; Laurent Dehors R\u00e9gional Tour<strong> \/ Le Mans Jazz<\/strong><\/strong> @ Abbaye de la Clart\u00e9 Dieu &#8211; Saint-Paterne-Racan (37) &#8211; France<\/p>\n\n\n\n<p><strong>27.05<\/strong> &#8211; <strong>C\u00e9line Bonacina master-class<\/strong> @ Jazz en Comminges &#8211; Saint Gaudens (31) &#8211; France<\/p>\n\n\n\n<p><strong>27.05<\/strong> &#8211; <strong>Rhoda Scott Lady all Stars<\/strong> @ Jazz en Comminges &#8211; Saint Gaudens (31) &#8211; France<\/p>\n\n\n\n<p><strong>JUNE \/ JUIN<\/strong><\/p>\n\n\n\n<p><strong>09.06<\/strong> &#8211; <strong>Rhoda Scott Lady all Stars<\/strong> @ Chatellerault Jazz &#8211; Chatellerault (86) &#8211; France<\/p>\n\n\n\n<p><strong>23.06 &#8211;<\/strong>  <strong>Rhoda Scott Lady all Stars<\/strong> @ Festival Django Reinhardt &#8211; Fontainebleau (77) &#8211; France<\/p>\n\n\n\n<p><strong>24.06 &#8211;<\/strong> <strong>C\u00e9line Bonacina &amp; Jean-Pierre Painchaud Duo Colibris<\/strong> @ Festival du Monde de l&rsquo;Apr\u00e8s &#8211; Alen\u00e7on (61)<\/p>\n\n\n\n<p><strong>25.06 &#8211;&gt; 27.06 &#8211; R\u00e9sidence Laurent Dehors OK Boomer<\/strong> @ Rouen (76) &#8211; France<\/p>\n\n\n\n<p><\/p>\n\n\n\n<p><\/p>\n\n\n\n<p><strong>JULY \/JUILLET <\/strong><\/p>\n\n\n\n<p><strong>03.07 &#8211;<\/strong> <strong>Rhoda Scott Lady all Stars<\/strong> @ TSF Jazz Chantilly Festival (60) &#8211; France <\/p>\n\n\n\n<p><strong>05.07 &#8211; C\u00e9line Bonacina Fly Fly<\/strong> @ Festival des 5 Continents (Club) &#8211; Marseille (13) &#8211; France<\/p>\n\n\n\n<p><strong>08.07 &#8211;<\/strong> <strong>Rhoda Scott Lady all Stars<\/strong> @ Jazz \u00e0 Juan &#8211; Juan les Pins (06) &#8211; France<\/p>\n\n\n\n<p><strong>10.07 &#8211;<\/strong> <strong>C\u00e9line Bonacina &amp; Jean-Pierre Painchaud Duo Colibris<\/strong> @ Alen\u00e7on (61)<\/p>\n\n\n\n<p><strong>14.07 &#8211; Rhoda Scott Lady all Stars<\/strong> @ Festival Sons d&rsquo;Et\u00e9 &#8211;  Rocher Palmer (33) &#8211; France <\/p>\n\n\n\n<p><strong>17.07 &#8211;<\/strong> <strong>Rhoda Scott Lady all Stars<\/strong> @ Festival des 5 Continents &#8211; Marseille (13) &#8211; France<\/p>\n\n\n\n<p><strong>23.07 &#8211;<\/strong> <strong>Rhoda Scott Lady all Stars<\/strong> @ Paris Jazz Festival &#8211; Vincennes (94) &#8211; France<\/p>\n\n\n\n<p><strong>28.07 &#8211;<\/strong> <strong>Rhoda Scott Lady all Stars<\/strong> @ Jazz in Marciac &#8211; Marciac (32) &#8211; France<\/p>\n\n\n\n<p><strong>29.07 &#8211;<\/strong> <strong>C\u00e9line Bonacina &amp; Laurent Dehors<\/strong> @ Salle de spectacles &#8211; R\u00e9quista (12)  &#8211; France <\/p>\n\n\n\n<p><strong>31.07<\/strong> &#8211; <strong>Rhoda Scott Lady all Stars<\/strong> @ Avignon Jazz Festival (84) &#8211; France<\/p>\n\n\n\n<p><\/p>\n\n\n\n<p><strong>AUGUST \/ AOUT<\/strong><\/p>\n\n\n\n<p><strong>04.08<\/strong> &#8211; <strong>Rhoda Scott Lady all Stars<\/strong> @ Jazz au Phare &#8211; Ile de R\u00e9 (17) &#8211; France<\/p>\n\n\n\n<p><strong>05.08<\/strong> &#8211;  <strong>C\u00e9line Bonacina &amp; Laurent Dehors<\/strong> @ Festival Kind of Belou &#8211; Treignac (19) &#8211; France<\/p>\n\n\n\n<p><strong>06.08 &#8211; Rhoda Scott Lady all Stars<\/strong> @ Crest Jazz &#8211; Crest (26) &#8211; France<\/p>\n\n\n\n<p><strong>27.08 &#8211; C\u00e9line Bonacina Solo<\/strong> sur performance Carmen Hoyos &amp; Jean-Yves Bosseur @ Manoir de Soisay &#8211; Belfor\u00eat-en-Perche (61) &#8211; France<\/p>\n\n\n\n<p><strong>29.08 &#8211;&gt; 31.08 &#8211;<\/strong> <strong>Recording Laurent Dehors OK Boomer<\/strong> @ Malakoff (92) &#8211; France<\/p>\n\n\n\n<p><\/p>\n\n\n\n<p><strong>SEPTEMBER \/ SEPTEMBRE<\/strong><\/p>\n\n\n\n<p><strong>01.09 &#8211; C\u00e9line Bonacina Fly Fly<\/strong> @ Villa Rothstein &#8211; Bad Ischl  Austria<\/p>\n\n\n\n<p><strong>02.09 &#8211; C\u00e9line Bonacina Fly Fly<\/strong> @ Strandgut Urfahr &#8211; Linz  Austria<\/p>\n\n\n\n<p><strong>03.09 &#8211; C\u00e9line Bonacina Fly Fly<\/strong> @ Innenhof Kultur &#8211;&nbsp; Klagenfurt Austria<\/p>\n\n\n\n<p><strong>08.09 &#8211; C\u00e9line Bonacina Fly Fly<\/strong> @ Oslo &#8211; Norway<\/p>\n\n\n\n<p><strong>10.09 &#8211;<\/strong> <strong>C\u00e9line Bonacina &amp; Jean-Pierre Painchaud Duo Colibris<\/strong> @ Prieur\u00e9 de l&rsquo;Oiseli\u00e8re &#8211; Saint Planchers (50)<\/p>\n\n\n\n<p><strong>17.09 &#8211; Laurent Dehors OK Boomer <\/strong>@ Chapelle Corneille Op\u00e9ra de Rouen Normandie &#8211; Rouen (76) &#8211; France<\/p>\n\n\n\n<p><strong>24.09 &#8211;<\/strong> <strong>C\u00e9line Bonacina &amp; Jean-Pierre Painchaud Duo Colibris<\/strong> @ Parthenay<\/p>\n\n\n\n<p><strong>30.09<\/strong> &#8211; <strong>C\u00e9line Bonacina &amp; Laurent Dehors<\/strong> @ GrazJazz &#8211; Graz Austria<\/p>","protected":false},"excerpt":{"rendered":"<p>JANUARY\/ JANVIER 15.01 &#8211; C\u00e9line Bonacina &amp; Jean-Pierre Painchaud Duo Colibris @ L&rsquo;Enchantoir &#8211; Granville (50) &#8211; France FEBRUARY\/ FEVRIER 12.02 \u2013 C\u00e9line Bonacina Fly Fly @ Jazz au Confluent \u2013 Conflans-Ste-Honorine (78) \u2013 France 26.02 \u2013 C\u00e9line Bonacina Fly Fly @ Jazz Station \u2013 Bruxelles \u2013 Belgium MARCH \/ MARS 08.03 &#8211; Lisa Cat-Berro [&hellip;]<\/p>\n","protected":false},"author":2,"featured_media":0,"parent":0,"menu_order":0,"comment_status":"closed","ping_status":"closed","template":"","meta":{"footnotes":""},"tags":[],"class_list":["post-315","page","type-page","status-publish","hentry"],"_links":{"self":[{"href":"https:\/\/celine-bonacina.com\/en\/wp-json\/wp\/v2\/pages\/315","targetHints":{"allow":["GET"]}}],"collection":[{"href":"https:\/\/celine-bonacina.com\/en\/wp-json\/wp\/v2\/pages"}],"about":[{"href":"https:\/\/celine-bonacina.com\/en\/wp-json\/wp\/v2\/types\/page"}],"author":[{"embeddable":true,"href":"https:\/\/celine-bonacina.com\/en\/wp-json\/wp\/v2\/users\/2"}],"replies":[{"embeddable":true,"href":"https:\/\/celine-bonacina.com\/en\/wp-json\/wp\/v2\/comments?post=315"}],"version-history":[{"count":2,"href":"https:\/\/celine-bonacina.com\/en\/wp-json\/wp\/v2\/pages\/315\/revisions"}],"predecessor-version":[{"id":317,"href":"https:\/\/celine-bonacina.com\/en\/wp-json\/wp\/v2\/pages\/315\/revisions\/317"}],"wp:attachment":[{"href":"https:\/\/celine-bonacina.com\/en\/wp-json\/wp\/v2\/media?parent=315"}],"wp:term":[{"taxonomy":"post_tag","embeddable":true,"href":"https:\/\/celine-bonacina.com\/en\/wp-json\/wp\/v2\/tags?post=315"}],"curies":[{"name":"wp","href":"https:\/\/api.w.org\/{rel}","templated":true}]}}