{"id":1950,"date":"2024-11-16T20:01:35","date_gmt":"2024-11-16T19:01:35","guid":{"rendered":"https:\/\/celine-bonacina.com\/?page_id=1950"},"modified":"2025-11-07T14:06:27","modified_gmt":"2025-11-07T13:06:27","slug":"2025-2","status":"publish","type":"page","link":"https:\/\/celine-bonacina.com\/en\/2025-2\/","title":{"rendered":"2025"},"content":{"rendered":"<p><strong>JANUARY \/ JANVIER<\/strong><\/p>\n\n\n\n<p><strong>17\/01:<\/strong> <strong>C\u00e9line Bonacina Jump! <\/strong>@ Th\u00e9\u00e2tre de Chelles (77) &#8211; France<\/p>\n\n\n\n<p><strong>18\/01<\/strong>: <strong>Ton Ton Christian Salut invite C\u00e9line Bonacina<\/strong> @ Jazzweek#7 &#8211; Le Taquin Jazz Club &#8211; Toulouse (31) &#8211; France<\/p>\n\n\n\n<p><strong>24\/01:<\/strong> <strong>C\u00e9line Bonacina Fly Fly<\/strong> @ Th\u00e9\u00e2tre &#8211; Alen\u00e7on (61)<\/p>\n\n\n\n<p><strong>31\/01<\/strong>: <strong>Ludivine Issambourg<\/strong> &#8211; Sortie d&rsquo;album \u00ab\u00a0Above the Laws\u00a0\u00bb @ New Morning &#8211; Paris (75) &#8211; France<\/p>\n\n\n\n<p><strong>FEBRUARY \/ FEVRIER<\/strong><\/p>\n\n\n\n<p><strong>02\/02<\/strong>: <strong>Lisa Cat-Berro Solaxis<\/strong> @ L&rsquo;Estran &#8211; Guidel (56) &#8211; France<\/p>\n\n\n\n<p><strong>25\/02<\/strong>: <strong>C\u00e9line Bonacina &amp; Laurent Dehors<\/strong> &#8211; Tournage \u00ab\u00a0Pause\u00a0\u00bb @ Studio Sextan &#8211; Malakoff (92) &#8211; France<\/p>\n\n\n\n<p><strong>27\/02<\/strong>: <strong>C\u00e9line Bonacina Jump! <\/strong>@ Tourcoing Jazz &#8211; Tourcoing (59) &#8211; France<\/p>\n\n\n\n<p><strong>MARCH \/ MARS<\/strong><\/p>\n\n\n\n<p><strong>09\/03<\/strong>: <strong>Duo Colibri <\/strong>@ \u00ab\u00a0Brunch Concert\u00a0\u00bb &#8211; La Doucelle &#8211; Ligni\u00e8res-Org\u00e8res (61) &#8211; France<\/p>\n\n\n\n<p><strong>25\/03<\/strong>: <strong>C\u00e9line Bonacina Jump! <\/strong>@ Les Passerelles &#8211; Pontault-Combault (77) &#8211; France<\/p>\n\n\n\n<p><strong>APRIL \/ AVRIL<\/strong><\/p>\n\n\n\n<p><strong>04\/04<\/strong>: <strong>Emmanuel Bex \u00ab\u00a0Eddy m&rsquo;a dit\u00a0\u00bb <\/strong>@ Le Cheval Blanc &#8211; Schiltigheim (67) &#8211; France<\/p>\n\n\n\n<p><strong>24\/04<\/strong>: <strong>C\u00e9line Bonacina Jump! <\/strong>@ Festival Jazz en l&rsquo;Air &#8211; Th\u00e9\u00e2tre Plein Air &#8211; Saint Gilles &#8211; La R\u00e9union (974)<\/p>\n\n\n\n<p><strong>MAY \/ MA<\/strong>I<\/p>\n\n\n\n<p><strong>16\/05<\/strong>: <strong>C\u00e9line Bonacina Jump! <\/strong>@ La Com\u00e8te &#8211; Chalon en Champagne (51) &#8211; France<\/p>\n\n\n\n<p><strong>18\/05<\/strong>: <strong>Duo Colibri<\/strong> @ Saison Culturelle C&rsquo;61 &#8211; Salle des f\u00eates du Ch\u00e2teau &#8211; Carrouges (61) &#8211; France<\/p>\n\n\n\n<p><strong>31\/05<\/strong>: <strong>C\u00e9line Bonacina &amp; Laurent Dehors<\/strong> @ Jazz \u00e0 Cours et \u00e0 Jardin &#8211; Lyon (69) &#8211; France<\/p>\n\n\n\n<p><strong>JUNE \/ JUIN<\/strong><\/p>\n\n\n\n<p><strong>07\/06<\/strong>: <strong>Emmanuel Bex \u00ab\u00a0Eddy m&rsquo;a dit\u00a0\u00bb<\/strong> @ La Cit\u00e9 de la Musique Simone Veil &#8211; Meaux (77) &#8211; France<\/p>\n\n\n\n<p><strong>21\/06<\/strong>: <strong>Emmanuel Bex \u00ab\u00a0Eddy m&rsquo;a dit\u00a0\u00bb<\/strong> @ Le Blanc-Mesnil (93) &#8211; France<\/p>\n\n\n\n<p><strong>22-23-24\/06<\/strong>: <strong>Lisa Cat-Berro Solaxis<\/strong>: enregistrement &#8211; France<\/p>\n\n\n\n<p><strong>28\/06<\/strong>: <strong>C\u00e9line Bonacina Jump!<\/strong> @ Jazz Baltica &#8211; <em>&nbsp;<\/em>Timmendorfer Strand &#8211; DE<\/p>\n\n\n\n<p> <strong>JULY \/ JUILLET<\/strong><\/p>\n\n\n\n<p><strong>02\/07<\/strong>: <strong>Jazz au F\u00e9minin<\/strong> &#8211; Compositions de C\u00e9line Bonacina jou\u00e9es par les \u00e9l\u00e8ves du CRD @ Auditorium &#8211; Alen\u00e7on (61) &#8211; France<\/p>\n\n\n\n<p><strong>05\/07<\/strong>: <strong>Duo Colibri<\/strong> @ Jazz \u00e0 Couches (71) &#8211; France<\/p>\n\n\n\n<p><strong>10\/07<\/strong>: <strong>Emmanuel Bex \u00ab\u00a0Eddy m&rsquo;a dit\u00a0\u00bb <\/strong>@ Vannes Echos Jazz &#8211; Vannes (56) &#8211; France<\/p>\n\n\n\n<p><strong>28\/07<\/strong>: <strong>C\u00e9line Bonacina Jump! <\/strong>@ Crest Jazz Vocal (26) &#8211; France<\/p>\n\n\n\n<p><strong>29\/07 &#8211;&gt; 04\/08<\/strong>: <strong>C\u00e9line Bonacina <\/strong>@ Stage Marciac (32) &#8211; France<\/p>\n\n\n\n<p><strong>AUGUST \/ AOUT<\/strong><\/p>\n\n\n\n<p><strong>13\/08<\/strong>: <strong>C\u00e9line Bonacina Jump! <\/strong>@ Cap Fr\u00e9hel (22) &#8211; France<\/p>\n\n\n\n<p><strong>15\/08: Lisa Cat-Berro Solaxis <\/strong>@ Festival Parfum de Jazz &#8211; Buis les Baronnies (26) &#8211; France<\/p>\n\n\n\n<p><strong>21\/08: C\u00e9line Bonacina &amp; Laurent Dehors<\/strong> @ Summer Jazz festival &#8211; Serre Chevalier (05) &#8211; France<\/p>\n\n\n\n<p><strong>29\/08<\/strong>:<strong> Emmanuel Bex \u00ab\u00a0Eddy m&rsquo;a dit\u00a0\u00bb <\/strong>@ Au Sud du Nord (91) &#8211; France<\/p>\n\n\n\n<p><strong>SEPTEMBER \/ SEPTEMBRE<\/strong><\/p>\n\n\n\n<p><strong>19\/09: C\u00e9line Bonacina &amp; Laurent Dehors<\/strong> @ Les Arches en Jazz &#8211; Port Bail sur Mer (50) &#8211; France<\/p>\n\n\n\n<p><strong>25\/09<\/strong>: <strong>C\u00e9line Bonacina Jump!<\/strong> feat. Hamza Bennani Smires et Driss Nigra @ Jazz \u00e0 Rabat &#8211; Maroc<\/p>\n\n\n\n<p><strong>27\/09<\/strong>: <strong>Kevin Reveyrand &amp; C\u00e9line Bonacina<\/strong> @ G\u00e9n\u00e9rations France Musique, Le Live &#8211; Th\u00e9\u00e2tre de l&rsquo;Alliance Fran\u00e7aise &#8211; Paris (06) &#8211; France<\/p>\n\n\n\n<p><strong>OCTOBER \/ OCTOBRE<\/strong><\/p>\n\n\n\n<p><strong>09\/10:<\/strong> <strong>BenArt Ensemble<\/strong> feat. Baptiste Herbin, C\u00e9line Bonacina&#8230;@ Jazz in Noyon (60) &#8211; France<\/p>\n\n\n\n<p><strong>16\/10<\/strong>: <strong>Jam Barikade<\/strong> @ Caf\u00e9 Barikade &#8211; Alen\u00e7on (61)<\/p>\n\n\n\n<p><strong>25\/10<\/strong>: <strong>The Volunteered Slaves<\/strong> @ Sunset &#8211; Paris (75)<\/p>\n\n\n\n<p><strong>29\/10<\/strong>: <strong>Concert de sortie d&rsquo;album Kevin Reveyrand <\/strong>\u00ab\u00a0Extended Minimalism, vol. 1\u00a0\u00bb , Continuo Jazz @ Sunset &#8211; Paris (75) &#8211; France<\/p>\n\n\n\n<p><strong>NOVEMBRE \/ NOVEMBER<\/strong><\/p>\n\n\n\n<p><strong>01\/11<\/strong>:<strong> Jaco Parmentier Group invite C\u00e9line Bonacina<\/strong> @ Jazz du Bon &#8211; Saint- Pavace (72) &#8211; France<\/p>\n\n\n\n<p><strong>10\/11<\/strong>: <strong>C\u00e9line Bonacina Jump! <\/strong>@ Jazz aux Carr\u00e9s &#8211; Annecy Le Vieux (74) &#8211; France<\/p>\n\n\n\n<p><strong>14\/11<\/strong>: <strong>Lisa Cat-Berro Solaxis<\/strong> @ Jazz du Nord &#8211; Lille (59) &#8211; France<\/p>\n\n\n\n<p><strong> 22\/11: Emmanuel Bex \u00ab\u00a0Eddy m&rsquo;a dit\u00a0\u00bb <\/strong>@ Jazz au Fil de l&rsquo;Oise &#8211; Saint-Ouen l&rsquo;Aum\u00f4ne (95)<\/p>\n\n\n\n<p><strong>DECEMBRE \/ DECEMBER<\/strong><\/p>\n\n\n\n<p><strong>05\/12: Emmanuel Bex \u00ab\u00a0Eddy m&rsquo;a dit\u00a0\u00bb <\/strong>@ Sunset &#8211; Paris (75)<\/p>\n\n\n\n<p><strong>06\/12:<\/strong> <strong>C\u00e9line Bonacina Jump! <\/strong>@ Mercator Jazz &#8211; Duisburg am Rhein (DE)<\/p>\n\n\n\n<p><strong>11\/12<\/strong>: <strong>Jam Barikade<\/strong> @ Caf\u00e9 Barikade &#8211; Alen\u00e7on (61)<\/p>\n\n\n\n<p><strong>16\/12<\/strong>: <strong> Lisa Cat-Berro Solaxis <\/strong>@ Charleville Action Jazz &#8211; Th\u00e9\u00e2tre Charleville-M\u00e9zi\u00e8res (08)<\/p>\n\n\n\n<p><\/p>\n\n\n\n<p><\/p>","protected":false},"excerpt":{"rendered":"<p>JANUARY \/ JANVIER 17\/01: C\u00e9line Bonacina Jump! @ Th\u00e9\u00e2tre de Chelles (77) &#8211; France 18\/01: Ton Ton Christian Salut invite C\u00e9line Bonacina @ Jazzweek#7 &#8211; Le Taquin Jazz Club &#8211; Toulouse (31) &#8211; France 24\/01: C\u00e9line Bonacina Fly Fly @ Th\u00e9\u00e2tre &#8211; Alen\u00e7on (61) 31\/01: Ludivine Issambourg &#8211; Sortie d&rsquo;album \u00ab\u00a0Above the Laws\u00a0\u00bb @ New [&hellip;]<\/p>\n","protected":false},"author":2,"featured_media":0,"parent":0,"menu_order":0,"comment_status":"closed","ping_status":"closed","template":"","meta":{"footnotes":""},"tags":[],"class_list":["post-1950","page","type-page","status-publish","hentry"],"_links":{"self":[{"href":"https:\/\/celine-bonacina.com\/en\/wp-json\/wp\/v2\/pages\/1950","targetHints":{"allow":["GET"]}}],"collection":[{"href":"https:\/\/celine-bonacina.com\/en\/wp-json\/wp\/v2\/pages"}],"about":[{"href":"https:\/\/celine-bonacina.com\/en\/wp-json\/wp\/v2\/types\/page"}],"author":[{"embeddable":true,"href":"https:\/\/celine-bonacina.com\/en\/wp-json\/wp\/v2\/users\/2"}],"replies":[{"embeddable":true,"href":"https:\/\/celine-bonacina.com\/en\/wp-json\/wp\/v2\/comments?post=1950"}],"version-history":[{"count":13,"href":"https:\/\/celine-bonacina.com\/en\/wp-json\/wp\/v2\/pages\/1950\/revisions"}],"predecessor-version":[{"id":1986,"href":"https:\/\/celine-bonacina.com\/en\/wp-json\/wp\/v2\/pages\/1950\/revisions\/1986"}],"wp:attachment":[{"href":"https:\/\/celine-bonacina.com\/en\/wp-json\/wp\/v2\/media?parent=1950"}],"wp:term":[{"taxonomy":"post_tag","embeddable":true,"href":"https:\/\/celine-bonacina.com\/en\/wp-json\/wp\/v2\/tags?post=1950"}],"curies":[{"name":"wp","href":"https:\/\/api.w.org\/{rel}","templated":true}]}}