{"id":1767,"date":"2023-09-15T00:32:00","date_gmt":"2023-09-14T22:32:00","guid":{"rendered":"https:\/\/celine-bonacina.com\/?page_id=1767"},"modified":"2024-09-04T11:31:25","modified_gmt":"2024-09-04T09:31:25","slug":"2024-2","status":"publish","type":"page","link":"https:\/\/celine-bonacina.com\/en\/2024-2\/","title":{"rendered":"2024"},"content":{"rendered":"<p><strong>JANUARY \/ JANVIER<\/strong><\/p>\n\n\n\n<p><strong>09\/01<\/strong>: C\u00e9line Bonacina Jump! @ Unterfahrt &#8211; Munich (DE) <\/p>\n\n\n\n<p><strong>10\/01<\/strong>: C\u00e9line Bonacina Jump! @  Le Cheval Blanc &#8211; Schiltigheim (67) &#8211; France<\/p>\n\n\n\n<p><strong>20\/01<\/strong>: Tous Dehors OK Boomer @ Radio France &#8211; Paris (75) &#8211; France<\/p>\n\n\n\n<p><strong><strong>2<\/strong>6\/01: <\/strong>C\u00e9line Bonacina &amp; Laurent Dehors <strong>@ <\/strong>Masterclass &#8211; Amiens (80) &#8211; France<\/p>\n\n\n\n<p><strong>27\/01<\/strong>: C\u00e9line Bonacina &amp; Laurent Dehors @ Amiens (80) &#8211; France<\/p>\n\n\n\n<p><strong>28\/01<\/strong>: C\u00e9line Bonacina &amp; Laurent Dehors @ Salle Antoine Vitez &#8211; Moreuil (80) &#8211; France<\/p>\n\n\n\n<p id=\"january-janvier\"><strong>FEBRUARY \/ FEVRIER<\/strong><\/p>\n\n\n\n<p><strong>09\/02<\/strong>: C\u00e9line Bonacina Jump! @ Le Silex (89) &#8211; France<\/p>\n\n\n\n<p><strong>22\/02<\/strong>: Soir\u00e9e Jazz port\u00e9e par C\u00e9line Bonacina et Mathieu Desthomas @ Le Bercail &#8211; Alen\u00e7on (61) &#8211; France<\/p>\n\n\n\n<p id=\"march-mars-1\"><strong>MARCH \/ MARS<\/strong><\/p>\n\n\n\n<p><strong>28\/03<\/strong>: C\u00e9line Bonacina Jump! @ Magic Mirror &#8211; Istres (13) &#8211; France<\/p>\n\n\n\n<p><strong>APRIL \/ AVRIL<\/strong><\/p>\n\n\n\n<p><strong>06\/04<\/strong>: C\u00e9line Bonacina &amp; Laurent Dehors @ Jazz \u00e0 Dissay (86) &#8211; France<\/p>\n\n\n\n<p><strong>13\/04<\/strong>: Rhoda Scott &amp; The Lady all Stars @ Toulon (83) &#8211; France<\/p>\n\n\n\n<p><strong>18\/0<\/strong>4: The Volunteered Slaves @ Le Ph\u00e9nix &#8211; Sc\u00e8ne Nationale &#8211; Valencienne (59) &#8211; France<\/p>\n\n\n\n<p><strong>27\/04<\/strong>: Duo Colibri @ L&rsquo;Enchantoir &#8211; Granville (50) &#8211; France<\/p>\n\n\n\n<p><strong>MAY \/ MA<\/strong>I<\/p>\n\n\n\n<p><strong>04\/05<\/strong>: Rhoda Scott &amp; The Lady all Stars @ Th\u00e9\u00e2tre Debussy &#8211; Maisons-Alfort (94) &#8211; France<\/p>\n\n\n\n<p><strong>08\/05<\/strong>: Showcase &amp; d\u00e9dicace album Jump! avec Duo Colibri &#8211; Librairie OCEP &#8211; Coutances (50) &#8211; France<\/p>\n\n\n\n<p><strong>09\/05<\/strong>: C\u00e9line Bonacina Jump! @ Festival Jazz sous les Pommiers &#8211; Coutances (50) &#8211; France<\/p>\n\n\n\n<p><strong>12\/05<\/strong>: C\u00e9line Bonacina Jump! @ Like a Jazz Machine &#8211; Dudelange (Lux) &#8211; France<\/p>\n\n\n\n<p><strong>13\/05<\/strong>: C\u00e9line Bonacina &amp; Laurent Dehors @ Jazz Club &#8211; Saint-Denis (93) &#8211; France<\/p>\n\n\n\n<p><strong>14\/05<\/strong>: C\u00e9line Bonacina &amp; Laurent Dehors @ Concert scolaire &#8211; Chapelle du coll\u00e8ge Fontenel &#8211; Rouen (76) &#8211; France<\/p>\n\n\n\n<p><strong>19\/05<\/strong>: Rhoda Scott &amp; The Lady all Stars @ Th\u00e9\u00e2tre de Longjumeau (91) &#8211; France<\/p>\n\n\n\n<p><strong>23\/05<\/strong>: C\u00e9line Bonacina &amp; Laurent Dehors @ Familijazz &#8211; Th\u00e9\u00e2tre du Familist\u00e8re &#8211; (02) &#8211; France<\/p>\n\n\n\n<p><strong>JUNE \/ JUIN<\/strong><\/p>\n\n\n\n<p><strong>08\/06<\/strong>: Solaxis @ Espace Sorano &#8211; Vincennes (94) &#8211; France<\/p>\n\n\n\n<p><strong>09\/06<\/strong>: C\u00e9line Bonacina &amp; Laurent Dehors @ Enghien-les-Bains (95) &#8211; France<\/p>\n\n\n\n<p><strong>22\/06:<\/strong> Duo Colibri @ La Guinguette &#8211; Association les Cours-Circuits &#8211; Alen\u00e7on (61)  &#8211; France<\/p>\n\n\n\n<p><strong>23\/06<\/strong>: C\u00e9line Bonacina &amp; Danielle Burgart \/ performance improvis\u00e9e peinture &amp; musique @ The Artistic Red Dot &#8211; Parc\u00e9-Sarthe (72) &#8211; France<\/p>\n\n\n\n<p><strong>30\/06: <\/strong>C\u00e9line Bonacina &amp; Tinuviele Parmentier<strong>: <\/strong>rencontre improvis\u00e9e saxophone baryton &amp; danse contemporaine @ Les Folies de la Cusseli\u00e8re <strong>&#8211; <\/strong>Conde-sur-Sarthe (61) &#8211; France<\/p>\n\n\n\n<p><strong>JULY \/JUILLET <\/strong><\/p>\n\n\n\n<p><strong>06\/07<\/strong>: Duo Colibri @ Lieu-dit Champvillon &#8211; La Poterie au Perche (61) &#8211; France<\/p>\n\n\n\n<p><strong>11\/07<\/strong>: Rhoda Scott Ladies &amp; Gentlemen @ Jazz \u00e0 Vienne (38) &#8211; France<\/p>\n\n\n\n<p><strong>16\/07<\/strong>: C\u00e9line Bonacina Jump! @ Festival Jazz&rsquo;Y Krampouezh &#8211; Concarneau (29) &#8211; France<\/p>\n\n\n\n<p><strong>26\/07<\/strong>: Rhoda Scott &amp; The Lady all Stars invite Hugh Coltman @ Jazzoparc &#8211; Anduze (30) &#8211; France<\/p>\n\n\n\n<p><strong>27\/07<\/strong> <strong>&#8211;&gt; 03\/08 <\/strong>: C\u00e9line Bonacina @ Stage &#8211; Marciac (32) &#8211; France<\/p>\n\n\n\n<p><strong>30\/07<\/strong>: C\u00e9line Bonacina Jump! @ L&rsquo; Astrada &#8211; Marciac (32) &#8211; France<\/p>\n\n\n\n<p><strong>AUGUST \/ AOUT<\/strong><\/p>\n\n\n\n<p><strong>10\/08<\/strong>: Duo Colibri @ Place de la Mairie &#8211; Saint-Andeol de Berg (07) &#8211; France<\/p>\n\n\n\n<p><strong>11\/08:<\/strong> Duo Colibri @ Maison des Associations &#8211; Saint-Victor (07) &#8211; France<\/p>\n\n\n\n<p><strong>22\/08<\/strong>: C\u00e9line Bonacina Jump! @ Festival Bat\u00d4Jazz &#8211; Ruffieux (73) &#8211; France<\/p>\n\n\n\n<p><strong>24\/08<\/strong>: C\u00e9line Bonacina Jump! @ Festival Jazzitude &#8211; Lisieux (27) &#8211; France<\/p>\n\n\n\n<p><strong>SEPTEMBER \/ SEPTEMBRE<\/strong><\/p>\n\n\n\n<p><strong>05\/09<\/strong>: C\u00e9line Bonacina Jump! @ C\u00e9r\u00e9monie des Victoires du Jazz 2024 &#8211; Studio 104 Radio France &#8211; Paris (75) &#8211; France<\/p>\n\n\n\n<p><strong>20\/09<\/strong>: C\u00e9line Bonacina &amp; Laurent Dehors @ Presqu&rsquo;\u00eele Impro Jazz &#8211; Cherbourg (50) &#8211; France<\/p>\n\n\n\n<p><strong>27\/09<\/strong>: Tous Dehors OK Boomer @ Jazz Festival &#8211; Leipniz (AT)<\/p>\n\n\n\n<p><strong>OCTOBER \/ OCTOBRE<\/strong><\/p>\n\n\n\n<p><strong>05\/10<\/strong>: C\u00e9line Bonacina &amp; Laurent Dehors @ Li\u00e8ge (BE)<\/p>\n\n\n\n<p><strong>09\/10<\/strong>: C\u00e9line Bonacina &amp; Laurent Dehors @ Les concerts du Lavoir &#8211; Pontarlier (25) <\/p>\n\n\n\n<p><strong>25\/10<\/strong>: Tous Dehors OK Boomer @ Jazz Festival &#8211; Umea (Sweden)<\/p>\n\n\n\n<p><strong>NOVEMBRE \/ NOVEMBER<\/strong><\/p>\n\n\n\n<p><strong>14\/11<\/strong>: C\u00e9line Bonacina Jump! @ Jazz \u00e0 l&rsquo;Ouest &#8211; Rennes (35)<\/p>\n\n\n\n<p><strong>23\/11:<\/strong> Duo Colibri @ M\u00e9diath\u00e8que &#8211; Cherbourg (50) &#8211; France<\/p>\n\n\n\n<p><strong>DECEMBRE \/ DECEMBER<\/strong><\/p>\n\n\n\n<p><strong>21\/12<\/strong>: The Volunteered Slaves @ Sunset &#8211; Paris (75)<\/p>\n\n\n\n<p><\/p>","protected":false},"excerpt":{"rendered":"<p>JANUARY \/ JANVIER 09\/01: C\u00e9line Bonacina Jump! @ Unterfahrt &#8211; Munich (DE) 10\/01: C\u00e9line Bonacina Jump! @ Le Cheval Blanc &#8211; Schiltigheim (67) &#8211; France 20\/01: Tous Dehors OK Boomer @ Radio France &#8211; Paris (75) &#8211; France 26\/01: C\u00e9line Bonacina &amp; Laurent Dehors @ Masterclass &#8211; Amiens (80) &#8211; France 27\/01: C\u00e9line Bonacina &amp; [&hellip;]<\/p>\n","protected":false},"author":2,"featured_media":0,"parent":0,"menu_order":0,"comment_status":"closed","ping_status":"closed","template":"","meta":{"footnotes":""},"tags":[],"class_list":["post-1767","page","type-page","status-publish","hentry"],"_links":{"self":[{"href":"https:\/\/celine-bonacina.com\/en\/wp-json\/wp\/v2\/pages\/1767","targetHints":{"allow":["GET"]}}],"collection":[{"href":"https:\/\/celine-bonacina.com\/en\/wp-json\/wp\/v2\/pages"}],"about":[{"href":"https:\/\/celine-bonacina.com\/en\/wp-json\/wp\/v2\/types\/page"}],"author":[{"embeddable":true,"href":"https:\/\/celine-bonacina.com\/en\/wp-json\/wp\/v2\/users\/2"}],"replies":[{"embeddable":true,"href":"https:\/\/celine-bonacina.com\/en\/wp-json\/wp\/v2\/comments?post=1767"}],"version-history":[{"count":12,"href":"https:\/\/celine-bonacina.com\/en\/wp-json\/wp\/v2\/pages\/1767\/revisions"}],"predecessor-version":[{"id":1948,"href":"https:\/\/celine-bonacina.com\/en\/wp-json\/wp\/v2\/pages\/1767\/revisions\/1948"}],"wp:attachment":[{"href":"https:\/\/celine-bonacina.com\/en\/wp-json\/wp\/v2\/media?parent=1767"}],"wp:term":[{"taxonomy":"post_tag","embeddable":true,"href":"https:\/\/celine-bonacina.com\/en\/wp-json\/wp\/v2\/tags?post=1767"}],"curies":[{"name":"wp","href":"https:\/\/api.w.org\/{rel}","templated":true}]}}