{"id":1439,"date":"2023-09-10T20:28:38","date_gmt":"2023-09-10T18:28:38","guid":{"rendered":"https:\/\/celine-bonacina.com\/?page_id=1439"},"modified":"2023-09-15T00:51:27","modified_gmt":"2023-09-14T22:51:27","slug":"leader","status":"publish","type":"page","link":"https:\/\/celine-bonacina.com\/en\/leader\/","title":{"rendered":"Leader"},"content":{"rendered":"<div data-colibri-id=\"1439-c1\" class=\"style-1163 style-local-1439-c1 position-relative\">\n  <!----><\/p>\n<div data-colibri-component=\"section\" data-colibri-id=\"1439-c2\" id=\"initial-content\" class=\"h-section h-section-global-spacing d-flex align-items-lg-center align-items-md-center align-items-center style-1164 style-local-1439-c2 position-relative\">\n    <!----><br \/>\n    <!----><\/p>\n<div class=\"h-section-grid-container h-section-boxed-container\">\n      <!----><\/p>\n<div data-colibri-id=\"1439-c3\" class=\"h-row-container gutters-row-lg-2 gutters-row-md-2 gutters-row-0 gutters-row-v-lg-2 gutters-row-v-md-2 gutters-row-v-2 style-1165 style-local-1439-c3 position-relative\">\n        <!----><\/p>\n<div class=\"h-row justify-content-lg-center justify-content-md-center justify-content-center align-items-lg-stretch align-items-md-stretch align-items-stretch gutters-col-lg-2 gutters-col-md-2 gutters-col-0 gutters-col-v-lg-2 gutters-col-v-md-2 gutters-col-v-2\">\n          <!----><\/p>\n<div class=\"h-column h-column-container d-flex h-col-lg-auto h-col-md-auto h-col-auto style-1166-outer style-local-1439-c4-outer\">\n<div data-colibri-id=\"1439-c4\" class=\"d-flex h-flex-basis h-column__inner h-px-lg-2 h-px-md-2 h-px-2 v-inner-lg-2 v-inner-md-2 v-inner-2 style-1166 style-local-1439-c4 position-relative\">\n              <!----><br \/>\n              <!----><\/p>\n<div class=\"w-100 h-y-container h-column__content h-column__v-align flex-basis-100 align-self-lg-start align-self-md-start align-self-start\">\n                <!----><\/p>\n<div data-colibri-id=\"1439-c5\" class=\"style-1167 style-local-1439-c5 position-relative h-element\">\n                  <!----><\/p>\n<div>\n\n\n<div class=\"wp-block-columns is-layout-flex wp-container-core-columns-is-layout-9d6595d7 wp-block-columns-is-layout-flex\">\n<div class=\"wp-block-column is-layout-flow wp-block-column-is-layout-flow\">\n<figure class=\"wp-block-image size-large\"><a href=\"https:\/\/celine-bonacina.com\/en\/jump\/\"><img loading=\"lazy\" decoding=\"async\" width=\"1024\" height=\"684\" src=\"https:\/\/celine-bonacina.com\/wp-content\/uploads\/2023\/09\/cropped-jumplineup-scaled-1-1024x684.jpg\" alt=\"\" class=\"wp-image-1209\" srcset=\"https:\/\/celine-bonacina.com\/wp-content\/uploads\/2023\/09\/cropped-jumplineup-scaled-1-1024x684.jpg 1024w, https:\/\/celine-bonacina.com\/wp-content\/uploads\/2023\/09\/cropped-jumplineup-scaled-1-300x200.jpg 300w, https:\/\/celine-bonacina.com\/wp-content\/uploads\/2023\/09\/cropped-jumplineup-scaled-1-768x513.jpg 768w, https:\/\/celine-bonacina.com\/wp-content\/uploads\/2023\/09\/cropped-jumplineup-scaled-1-1536x1026.jpg 1536w, https:\/\/celine-bonacina.com\/wp-content\/uploads\/2023\/09\/cropped-jumplineup-scaled-1-2048x1367.jpg 2048w, https:\/\/celine-bonacina.com\/wp-content\/uploads\/2023\/09\/cropped-jumplineup-scaled-1-18x12.jpg 18w\" sizes=\"auto, (max-width: 1024px) 100vw, 1024px\" \/><\/a><\/figure>\n\n\n\n<h3 class=\"wp-block-heading\">Jump!<\/h3>\n\n\n\n<p><strong>C\u00e9line Bonacina(s),Rachel Eckroth&nbsp;(p), Chris Jennings(cb),John Hadfield(dr\/perc)<\/strong><\/p>\n<\/div>\n\n\n\n<div class=\"wp-block-column is-layout-flow wp-block-column-is-layout-flow\">\n<figure class=\"wp-block-image size-large\"><a href=\"https:\/\/celine-bonacina.com\/en\/fly-fly-2\/\"><img loading=\"lazy\" decoding=\"async\" width=\"1024\" height=\"683\" src=\"https:\/\/celine-bonacina.com\/wp-content\/uploads\/2023\/08\/cropped-Fly-Fly-0285-2-HD-scaled-1-1024x683.jpg\" alt=\"\" class=\"wp-image-1224\" srcset=\"https:\/\/celine-bonacina.com\/wp-content\/uploads\/2023\/08\/cropped-Fly-Fly-0285-2-HD-scaled-1-1024x683.jpg 1024w, https:\/\/celine-bonacina.com\/wp-content\/uploads\/2023\/08\/cropped-Fly-Fly-0285-2-HD-scaled-1-300x200.jpg 300w, https:\/\/celine-bonacina.com\/wp-content\/uploads\/2023\/08\/cropped-Fly-Fly-0285-2-HD-scaled-1-768x513.jpg 768w, https:\/\/celine-bonacina.com\/wp-content\/uploads\/2023\/08\/cropped-Fly-Fly-0285-2-HD-scaled-1-1536x1025.jpg 1536w, https:\/\/celine-bonacina.com\/wp-content\/uploads\/2023\/08\/cropped-Fly-Fly-0285-2-HD-scaled-1-2048x1367.jpg 2048w, https:\/\/celine-bonacina.com\/wp-content\/uploads\/2023\/08\/cropped-Fly-Fly-0285-2-HD-scaled-1-18x12.jpg 18w\" sizes=\"auto, (max-width: 1024px) 100vw, 1024px\" \/><\/a><\/figure>\n\n\n\n<h3 class=\"wp-block-heading\">Fly Fly<\/h3>\n\n\n\n<p><strong>C\u00e9line Bonacina(s), Chris Jennings(cb),Jean-Luc Di Fraya<\/strong> <strong>(dr,perc)<\/strong><\/p>\n<\/div>\n\n\n\n<div class=\"wp-block-column is-layout-flow wp-block-column-is-layout-flow\">\n<figure class=\"wp-block-image size-large\"><a href=\"https:\/\/celine-bonacina.com\/en\/dehors-bonacina\/\"><img loading=\"lazy\" decoding=\"async\" width=\"1024\" height=\"683\" src=\"https:\/\/celine-bonacina.com\/wp-content\/uploads\/2023\/08\/cropped-cropped-cropped-DehorsBonacina-1024x683.jpg\" alt=\"\" class=\"wp-image-1018\" srcset=\"https:\/\/celine-bonacina.com\/wp-content\/uploads\/2023\/08\/cropped-cropped-cropped-DehorsBonacina-1024x683.jpg 1024w, https:\/\/celine-bonacina.com\/wp-content\/uploads\/2023\/08\/cropped-cropped-cropped-DehorsBonacina-300x200.jpg 300w, https:\/\/celine-bonacina.com\/wp-content\/uploads\/2023\/08\/cropped-cropped-cropped-DehorsBonacina-768x512.jpg 768w, https:\/\/celine-bonacina.com\/wp-content\/uploads\/2023\/08\/cropped-cropped-cropped-DehorsBonacina-1536x1024.jpg 1536w, https:\/\/celine-bonacina.com\/wp-content\/uploads\/2023\/08\/cropped-cropped-cropped-DehorsBonacina-18x12.jpg 18w, https:\/\/celine-bonacina.com\/wp-content\/uploads\/2023\/08\/cropped-cropped-cropped-DehorsBonacina.jpg 1653w\" sizes=\"auto, (max-width: 1024px) 100vw, 1024px\" \/><\/a><\/figure>\n\n\n\n<h3 class=\"wp-block-heading\">Duo C\u00e9line Bonacina\/Laurent Dehors<\/h3>\n\n\n\n<p><strong>C\u00e9line Bonacina(s),Laurent Dehors(cl, s, cornemuse, fl\u00fbte \u00e0 bec)<\/strong><\/p>\n<\/div>\n<\/div>\n\n\n\n<div class=\"wp-block-columns is-layout-flex wp-container-core-columns-is-layout-9d6595d7 wp-block-columns-is-layout-flex\">\n<div class=\"wp-block-column is-layout-flow wp-block-column-is-layout-flow\">\n<figure class=\"wp-block-image size-large\"><a href=\"https:\/\/celine-bonacina.com\/en\/duo-colibri\/\"><img loading=\"lazy\" decoding=\"async\" width=\"1024\" height=\"732\" src=\"https:\/\/celine-bonacina.com\/wp-content\/uploads\/2023\/08\/DUO-COLIBRI-1024x732.jpg\" alt=\"\" class=\"wp-image-850\" srcset=\"https:\/\/celine-bonacina.com\/wp-content\/uploads\/2023\/08\/DUO-COLIBRI-1024x732.jpg 1024w, https:\/\/celine-bonacina.com\/wp-content\/uploads\/2023\/08\/DUO-COLIBRI-300x214.jpg 300w, https:\/\/celine-bonacina.com\/wp-content\/uploads\/2023\/08\/DUO-COLIBRI-768x549.jpg 768w, https:\/\/celine-bonacina.com\/wp-content\/uploads\/2023\/08\/DUO-COLIBRI-1536x1097.jpg 1536w, https:\/\/celine-bonacina.com\/wp-content\/uploads\/2023\/08\/DUO-COLIBRI-18x12.jpg 18w, https:\/\/celine-bonacina.com\/wp-content\/uploads\/2023\/08\/DUO-COLIBRI.jpg 2000w\" sizes=\"auto, (max-width: 1024px) 100vw, 1024px\" \/><\/a><\/figure>\n\n\n\n<h3 class=\"wp-block-heading\">Colibri<\/h3>\n\n\n\n<p><strong>C\u00e9line Bonacina(s), Jean-Pierre Painchaud(gt)<\/strong><\/p>\n<\/div>\n\n\n\n<div class=\"wp-block-column is-layout-flow wp-block-column-is-layout-flow\">\n<figure class=\"wp-block-image size-large\"><a href=\"https:\/\/celine-bonacina.com\/en\/cristal-quartet\/\"><img loading=\"lazy\" decoding=\"async\" width=\"1024\" height=\"684\" src=\"https:\/\/celine-bonacina.com\/wp-content\/uploads\/2023\/08\/NCR-Gwylim-copie-1024x684.jpg\" alt=\"\" class=\"wp-image-833\" srcset=\"https:\/\/celine-bonacina.com\/wp-content\/uploads\/2023\/08\/NCR-Gwylim-copie-1024x684.jpg 1024w, https:\/\/celine-bonacina.com\/wp-content\/uploads\/2023\/08\/NCR-Gwylim-copie-300x200.jpg 300w, https:\/\/celine-bonacina.com\/wp-content\/uploads\/2023\/08\/NCR-Gwylim-copie-768x513.jpg 768w, https:\/\/celine-bonacina.com\/wp-content\/uploads\/2023\/08\/NCR-Gwylim-copie-1536x1025.jpg 1536w, https:\/\/celine-bonacina.com\/wp-content\/uploads\/2023\/08\/NCR-Gwylim-copie-18x12.jpg 18w, https:\/\/celine-bonacina.com\/wp-content\/uploads\/2023\/08\/NCR-Gwylim-copie.jpg 2000w\" sizes=\"auto, (max-width: 1024px) 100vw, 1024px\" \/><\/a><\/figure>\n\n\n\n<h3 class=\"wp-block-heading\">Crystal Quartet<\/h3>\n\n\n\n<p><strong>C\u00e9line Bonacina(s)<\/strong>, <strong>Gwylim Simcock(p),<\/strong> <strong>Chris Jennings(cb),<\/strong> <strong>Asaf Sirkis(dr\/perc)<\/strong> <\/p>\n<\/div>\n\n\n\n<div class=\"wp-block-column is-layout-flow wp-block-column-is-layout-flow\">\n<figure class=\"wp-block-image size-large\"><a href=\"https:\/\/celine-bonacina.com\/en\/celine-bonacina-trio\/\"><img loading=\"lazy\" decoding=\"async\" width=\"1024\" height=\"685\" src=\"https:\/\/celine-bonacina.com\/wp-content\/uploads\/2023\/08\/cropped-cropped-CBTRIO-scaled-1-1024x685.jpg\" alt=\"\" class=\"wp-image-1097\" srcset=\"https:\/\/celine-bonacina.com\/wp-content\/uploads\/2023\/08\/cropped-cropped-CBTRIO-scaled-1-1024x685.jpg 1024w, https:\/\/celine-bonacina.com\/wp-content\/uploads\/2023\/08\/cropped-cropped-CBTRIO-scaled-1-300x201.jpg 300w, https:\/\/celine-bonacina.com\/wp-content\/uploads\/2023\/08\/cropped-cropped-CBTRIO-scaled-1-768x514.jpg 768w, https:\/\/celine-bonacina.com\/wp-content\/uploads\/2023\/08\/cropped-cropped-CBTRIO-scaled-1-1536x1027.jpg 1536w, https:\/\/celine-bonacina.com\/wp-content\/uploads\/2023\/08\/cropped-cropped-CBTRIO-scaled-1-2048x1369.jpg 2048w, https:\/\/celine-bonacina.com\/wp-content\/uploads\/2023\/08\/cropped-cropped-CBTRIO-scaled-1-18x12.jpg 18w\" sizes=\"auto, (max-width: 1024px) 100vw, 1024px\" \/><\/a><\/figure>\n\n\n\n<h3 class=\"wp-block-heading\">C\u00e9line Bonacina Trio<\/h3>\n\n\n\n<p><strong>C\u00e9line Bonacina(s)<\/strong>, <strong>Olivier Carole(b)<\/strong>, <strong>Hary Ratsimbazafy(dr)<\/strong><\/p>\n<\/div>\n<\/div>\n\n\n\n<div class=\"wp-block-columns is-layout-flex wp-container-core-columns-is-layout-9d6595d7 wp-block-columns-is-layout-flex\">\n<div class=\"wp-block-column is-layout-flow wp-block-column-is-layout-flow\">\n<figure class=\"wp-block-image size-large\"><a href=\"https:\/\/celine-bonacina.com\/en\/celine-bonacina-trio-le-megapulse-orchestra\/\"><img loading=\"lazy\" decoding=\"async\" width=\"1024\" height=\"683\" src=\"https:\/\/celine-bonacina.com\/wp-content\/uploads\/2023\/09\/Megapulse-JSLP-1024x683.jpg\" alt=\"\" class=\"wp-image-1339\" srcset=\"https:\/\/celine-bonacina.com\/wp-content\/uploads\/2023\/09\/Megapulse-JSLP-1024x683.jpg 1024w, https:\/\/celine-bonacina.com\/wp-content\/uploads\/2023\/09\/Megapulse-JSLP-300x200.jpg 300w, https:\/\/celine-bonacina.com\/wp-content\/uploads\/2023\/09\/Megapulse-JSLP-768x512.jpg 768w, https:\/\/celine-bonacina.com\/wp-content\/uploads\/2023\/09\/Megapulse-JSLP-1536x1024.jpg 1536w, https:\/\/celine-bonacina.com\/wp-content\/uploads\/2023\/09\/Megapulse-JSLP-2048x1365.jpg 2048w, https:\/\/celine-bonacina.com\/wp-content\/uploads\/2023\/09\/Megapulse-JSLP-18x12.jpg 18w\" sizes=\"auto, (max-width: 1024px) 100vw, 1024px\" \/><\/a><\/figure>\n\n\n\n<h3 class=\"wp-block-heading\">Bonacina Trio &amp; le Megapulse Orchestra<\/h3>\n<\/div>\n\n\n\n<div class=\"wp-block-column is-layout-flow wp-block-column-is-layout-flow\">\n<figure class=\"wp-block-image size-large\"><a href=\"https:\/\/celine-bonacina.com\/en\/celine-bonacina-solo\/\"><img loading=\"lazy\" decoding=\"async\" width=\"1024\" height=\"695\" src=\"https:\/\/celine-bonacina.com\/wp-content\/uploads\/2023\/09\/Photo-solo-Angers-1024x695.jpg\" alt=\"\" class=\"wp-image-1467\" srcset=\"https:\/\/celine-bonacina.com\/wp-content\/uploads\/2023\/09\/Photo-solo-Angers-1024x695.jpg 1024w, https:\/\/celine-bonacina.com\/wp-content\/uploads\/2023\/09\/Photo-solo-Angers-300x204.jpg 300w, https:\/\/celine-bonacina.com\/wp-content\/uploads\/2023\/09\/Photo-solo-Angers-768x521.jpg 768w, https:\/\/celine-bonacina.com\/wp-content\/uploads\/2023\/09\/Photo-solo-Angers-1536x1042.jpg 1536w, https:\/\/celine-bonacina.com\/wp-content\/uploads\/2023\/09\/Photo-solo-Angers-2048x1390.jpg 2048w, https:\/\/celine-bonacina.com\/wp-content\/uploads\/2023\/09\/Photo-solo-Angers-18x12.jpg 18w\" sizes=\"auto, (max-width: 1024px) 100vw, 1024px\" \/><\/a><\/figure>\n\n\n\n<h3 class=\"wp-block-heading\">C\u00e9line Bonacina solo<\/h3>\n\n\n\n<p><strong>C\u00e9line Bonacina(s)<\/strong>,<\/p>\n<\/div>\n\n\n\n<div class=\"wp-block-column is-layout-flow wp-block-column-is-layout-flow\"><\/div>\n<\/div>\n\n\n<div id=\"custom\" class=\"h-section h-section-global-spacing d-flex align-items-lg-center align-items-md-center align-items-center style-1168 style-local-1439-c6 position-relative\" data-colibri-component=\"section\" data-colibri-id=\"1439-c6\">\n<div class=\"h-section-grid-container h-section-boxed-container\">\n<div class=\"h-row-container gutters-row-lg-2 gutters-row-md-2 gutters-row-0 gutters-row-v-lg-2 gutters-row-v-md-2 gutters-row-v-2 style-1169 style-local-1439-c7 position-relative\" data-colibri-id=\"1439-c7\">\n<div class=\"h-row justify-content-lg-center justify-content-md-center justify-content-center align-items-lg-stretch align-items-md-stretch align-items-stretch gutters-col-lg-2 gutters-col-md-2 gutters-col-0 gutters-col-v-lg-2 gutters-col-v-md-2 gutters-col-v-2\">\n<div class=\"h-column h-column-container d-flex h-col-lg-auto h-col-md-auto h-col-auto style-1170-outer style-local-1439-c8-outer\">\n<div class=\"d-flex h-flex-basis h-column__inner h-ui-empty-state-container h-px-lg-2 h-px-md-2 h-px-2 v-inner-lg-2 v-inner-md-2 v-inner-2 style-1170 style-local-1439-c8 position-relative\" data-colibri-id=\"1439-c8\">\n<div class=\"w-100 h-y-container h-column__content h-column__v-align flex-basis-100\">\u00a0<\/div>\n<\/div>\n<\/div>\n<div class=\"h-column h-column-container d-flex h-col-lg-auto h-col-md-auto h-col-auto style-1171-outer style-local-1439-c9-outer\">\n<div class=\"d-flex h-flex-basis h-column__inner h-ui-empty-state-container h-px-lg-2 h-px-md-2 h-px-2 v-inner-lg-2 v-inner-md-2 v-inner-2 style-1171 style-local-1439-c9 position-relative\" data-colibri-id=\"1439-c9\">\n<div class=\"w-100 h-y-container h-column__content h-column__v-align flex-basis-100\">\u00a0<\/div>\n<\/div>\n<\/div>\n<\/div>\n<\/div>\n<\/div>\n<\/div>","protected":false},"excerpt":{"rendered":"<p>Jump! C\u00e9line Bonacina(s),Rachel Eckroth&nbsp;(p), Chris Jennings(cb),John Hadfield(dr\/perc) Fly Fly C\u00e9line Bonacina(s), Chris Jennings(cb),Jean-Luc Di Fraya (dr,perc) Duo C\u00e9line Bonacina\/Laurent Dehors C\u00e9line Bonacina(s),Laurent Dehors(cl, s, cornemuse, fl\u00fbte \u00e0 bec) Colibri C\u00e9line Bonacina(s), Jean-Pierre Painchaud(gt) Crystal Quartet C\u00e9line Bonacina(s), Gwylim Simcock(p), Chris Jennings(cb), Asaf Sirkis(dr\/perc) C\u00e9line Bonacina Trio C\u00e9line Bonacina(s), Olivier Carole(b), Hary Ratsimbazafy(dr) Bonacina Trio &amp; [&hellip;]<\/p>\n","protected":false},"author":2,"featured_media":0,"parent":0,"menu_order":0,"comment_status":"closed","ping_status":"closed","template":"page-templates\/full-width-page.php","meta":{"footnotes":""},"tags":[],"class_list":["post-1439","page","type-page","status-publish","hentry"],"_links":{"self":[{"href":"https:\/\/celine-bonacina.com\/en\/wp-json\/wp\/v2\/pages\/1439","targetHints":{"allow":["GET"]}}],"collection":[{"href":"https:\/\/celine-bonacina.com\/en\/wp-json\/wp\/v2\/pages"}],"about":[{"href":"https:\/\/celine-bonacina.com\/en\/wp-json\/wp\/v2\/types\/page"}],"author":[{"embeddable":true,"href":"https:\/\/celine-bonacina.com\/en\/wp-json\/wp\/v2\/users\/2"}],"replies":[{"embeddable":true,"href":"https:\/\/celine-bonacina.com\/en\/wp-json\/wp\/v2\/comments?post=1439"}],"version-history":[{"count":20,"href":"https:\/\/celine-bonacina.com\/en\/wp-json\/wp\/v2\/pages\/1439\/revisions"}],"predecessor-version":[{"id":1814,"href":"https:\/\/celine-bonacina.com\/en\/wp-json\/wp\/v2\/pages\/1439\/revisions\/1814"}],"wp:attachment":[{"href":"https:\/\/celine-bonacina.com\/en\/wp-json\/wp\/v2\/media?parent=1439"}],"wp:term":[{"taxonomy":"post_tag","embeddable":true,"href":"https:\/\/celine-bonacina.com\/en\/wp-json\/wp\/v2\/tags?post=1439"}],"curies":[{"name":"wp","href":"https:\/\/api.w.org\/{rel}","templated":true}]}}