{"id":13,"date":"2021-05-31T11:24:46","date_gmt":"2021-05-31T09:24:46","guid":{"rendered":"https:\/\/celine-bonacina.com\/official\/?page_id=13"},"modified":"2023-09-15T00:49:01","modified_gmt":"2023-09-14T22:49:01","slug":"biographie","status":"publish","type":"page","link":"https:\/\/celine-bonacina.com\/en\/biographie\/","title":{"rendered":"A propos"},"content":{"rendered":"<div data-colibri-id=\"13-c1\" class=\"style-415 style-local-13-c1 position-relative\">\n  <!---->\n  <div data-colibri-component=\"section\" data-colibri-id=\"13-c2\" id=\"about\" class=\"h-section h-section-global-spacing d-flex align-items-lg-center align-items-md-center align-items-center style-1308 style-local-13-c2 position-relative\">\n    <!---->\n    <!---->\n    <div class=\"h-section-grid-container h-section-boxed-container\">\n      <!---->\n      <div data-colibri-id=\"13-c3\" class=\"h-row-container gutters-row-lg-2 gutters-row-md-2 gutters-row-2 gutters-row-v-lg-2 gutters-row-v-md-2 gutters-row-v-2 style-1309 style-local-13-c3 position-relative\">\n        <!---->\n        <div class=\"h-row justify-content-lg-center justify-content-md-center justify-content-center align-items-lg-stretch align-items-md-stretch align-items-stretch gutters-col-lg-2 gutters-col-md-2 gutters-col-2 gutters-col-v-lg-2 gutters-col-v-md-2 gutters-col-v-2\">\n          <!---->\n          <div class=\"h-column h-column-container d-flex h-col-lg-auto h-col-md-auto h-col-auto style-1310-outer style-local-13-c4-outer\">\n            <div data-colibri-id=\"13-c4\" class=\"d-flex h-flex-basis h-column__inner h-px-lg-2 h-px-md-2 h-px-2 v-inner-lg-2 v-inner-md-2 v-inner-2 style-1310 style-local-13-c4 position-relative\">\n              <!---->\n              <!---->\n              <div class=\"w-100 h-y-container h-column__content h-column__v-align flex-basis-100 align-self-lg-center align-self-md-center align-self-center\">\n                <!---->\n                <div data-colibri-id=\"13-c7\" class=\"h-text h-text-component style-1313 style-local-13-c7 position-relative h-element\">\n                  <!---->\n                  <!---->\n                  <div class=\"\">\n                    <p>N\u00e9e \u00e0 Belfort en 1975, la saxophoniste&nbsp;<strong style=\"color: rgb(0, 0, 0); font-family: &quot;Helvetica Neue&quot;, Helvetica, Arial, sans-serif;\">C\u00e9line Bonacina<\/strong>&nbsp;commence la musique \u00e0 l\u2019\u00e2ge de sept ans en conservatoire\n                      (Belfort, Besan\u00e7on, Paris\u2026), puis se sp\u00e9cialise au saxophone baryton dans les big band parisiens entre 1996 et 1998. Install\u00e9e pendant sept ans \u00e0 la R\u00e9union, elle se produit dans de nombreux festivals de l\u2019Oc\u00e9an Indien, notamment\n                      en premi\u00e8res parties de L\u2019Orchestre National de Jazz, d\u2019Henri Texier, ou en tant qu\u2019invit\u00e9e du pianiste Omar Sosa.<\/p>\n                    <p style=\"cursor: text;\"><span style=\"font-family: &quot;Open Sans&quot;; color: rgb(70, 112, 127);\">De retour en m\u00e9tropole en 2005, elle sort son premier album,&nbsp;<\/span><strong style=\"font-family: &quot;Open Sans&quot;; color: rgb(70, 112, 127);\">\u201cVue d\u2019en haut\u201d<\/strong>\n                      <span\n                        style=\"font-family: &quot;Open Sans&quot;; color: rgb(70, 112, 127);\">, enregistr\u00e9 sur l\u2019\u00eele. Ses compositions interpr\u00e9t\u00e9es aux saxophones baryton, alto et soprano sont salu\u00e9es par la critique (Jazz Magazine, Jazzman, Culturejazz, Sitarmag, Citizen jazz, Les Derni\u00e8res Nouvelles du Jazz\u2026)<\/span>\n                    <\/p>\n                    <p style=\"cursor: text;\"><span style=\"font-family: &quot;Open Sans&quot;; cursor: text;\">Son 2\u00e8me album&nbsp;<\/span><strong style=\"font-family: &quot;Open Sans&quot;;\">\u00ab&nbsp;Way of Life&nbsp;\u00bb<\/strong><span style=\"font-family: &quot;Open Sans&quot;;\">,&nbsp;enregistr\u00e9 avec le guitariste&nbsp;<\/span>\n                      <strong\n                        style=\"font-family: &quot;Open Sans&quot;;\">Nguy\u00ean L\u00ea<\/strong><span style=\"font-family: &quot;Open Sans&quot;;\">&nbsp;en invit\u00e9, est sorti sous le Label&nbsp;<\/span><strong style=\"font-family: &quot;Open Sans&quot;;\">ACT<\/strong><span style=\"font-family: &quot;Open Sans&quot;;\">&nbsp;en juin 2010 et rencontre un accueil enthousiaste du public, de la presse fran\u00e7aise et \u00e9trang\u00e8re. Elle entame une carri\u00e8re internationale de premier plan.<br><\/span><\/p>\n                    <p\n                      style=\"cursor: text;\"><span style=\"font-family: &quot;Open Sans&quot;;\">En 2013, elle sort un nouvel album sur le label ACT&nbsp;<\/span><strong style=\"font-family: &quot;Open Sans&quot;;\">\u00ab&nbsp;Open Heart \u00bb,<\/strong><span style=\"font-family: &quot;Open Sans&quot;;\">&nbsp;se produit avec un nouveau sextet au New Morning \u00e0 Paris et sur les plus grandes sc\u00e8nes estivales (Jazz \u00e0 Vienne, Jazz in Marciac, Paris Jazz festival\u2026). Elle est nomm\u00e9e Talent Jazz Adami.<br><\/span><\/p>\n                      <p\n                        style=\"cursor: text;\"><span style=\"font-family: &quot;Open Sans&quot;;\">En 2016 et 2019, elle enregistre deux albums pour le label fran\u00e7ais Cristal Records&nbsp;: \u00ab&nbsp;<\/span><strong style=\"font-family: &quot;Open Sans&quot;;\">Crystal Rain<\/strong>\n                        <span\n                          style=\"font-family: &quot;Open Sans&quot;;\">&nbsp;\u00bb&nbsp;et \u00ab&nbsp;<\/span><strong style=\"font-family: &quot;Open Sans&quot;;\">Fly Fly<\/strong><span style=\"font-family: &quot;Open Sans&quot;;\">&nbsp;\u00bb, salu\u00e9s par la presse sp\u00e9cialis\u00e9e&nbsp;(Choc Jazzmag, JazzNews, etc).<br><\/span><\/p>\n                          <p\n                            style=\"cursor: text;\"><span style=\"font-family: &quot;Open Sans&quot;;\">En 2017, elle cr\u00e9e (avec le chef&nbsp;d&rsquo;orchestre&nbsp;et arrangeur Didier Momo) l\u2019ambitieux \u00ab&nbsp;Megapulse Orchestra \u00bb r\u00e9unissant plus de 60 musiciens amateurs, et le pr\u00e9sente \u00e0 Jazz sous les Pommiers, Le Mans Jazz festival, Jazz \u00e0 la D\u00e9fense.<br><\/span><\/p>\n                            <p\n                              style=\"cursor: text;\"><span style=\"font-family: &quot;Open Sans&quot;;\">Elle apparait r\u00e9guli\u00e8rement dans le Palmares instrumental de&nbsp;<\/span><em style=\"font-family: &quot;Open Sans&quot;;\">Down Beat Magazine<\/em><span style=\"font-family: &quot;Open Sans&quot;;\">&nbsp;comme l\u2019une des meilleures sp\u00e9cialistes du saxophone baryton au niveau mondial.<br><\/span><\/p>\n                              <p\n                                style=\"cursor: text;\"><span style=\"font-family: &quot;Open Sans&quot;;\">En&nbsp;2021,&nbsp;elle&nbsp;forme un duo avec le saxophoniste et&nbsp;clarinettiste&nbsp;Laurent Dehors, pr\u00e9sent\u00e9 sur de nombreux festivals&nbsp;(D\u2019Jazz Nevers, Jazz \u00e0 Vienne, Jazz \u2019Z\u00e8bre\u2026).<br><\/span><\/p>\n                                <p\n                                  style=\"cursor: text;\"><span style=\"font-family: &quot;Open Sans&quot;;\">En 2022 elle re\u00e7oit la m\u00e9daille de Chevalier des Arts et des Lettres du Minist\u00e8re de la Culture et participe au succ\u00e8s du groupe&nbsp;<\/span><em style=\"font-family: &quot;Open Sans&quot;;\">Lady All Stars<\/em>\n                                  <span\n                                    style=\"font-family: &quot;Open Sans&quot;;\">&nbsp;men\u00e9 par Rhoda Scott.\n                                    <br>\n                                    <\/span>\n                                    <\/p>\n                                    <p style=\"cursor: text;\"><span style=\"font-family: &quot;Open Sans&quot;;\">En janvier 2023, elle invite des musiciens d\u2019outre-atlanique, am\u00e9ricains et canadiens, \u00e0&nbsp;venir enregistrer&nbsp;en France l\u2019album&nbsp;\u00ab&nbsp;Jump&nbsp;\u00bb&nbsp;!<\/span><\/p>\n                                    <p\n                                      style=\"cursor: text;\">\n                                      <br>\n                                      <\/p>\n                  <\/div>\n                <\/div>\n              <\/div>\n            <\/div>\n          <\/div>\n          <div class=\"h-column h-column-container d-flex h-col-lg-auto h-col-md-auto h-col-auto style-1316-outer style-local-13-c10-outer\">\n            <div data-colibri-id=\"13-c10\" class=\"d-flex h-flex-basis h-column__inner h-px-lg-2 h-px-md-2 h-px-2 v-inner-lg-2 v-inner-md-2 v-inner-2 style-1316 style-local-13-c10 position-relative\">\n              <!---->\n              <!---->\n              <div class=\"w-100 h-y-container h-column__content h-column__v-align flex-basis-100 align-self-lg-center align-self-md-center align-self-center\">\n                <!---->\n                <div data-colibri-id=\"13-c11\" class=\"h-multiple-image style-1317 style-local-13-c11 position-relative h-element\">\n                  <!---->\n                  <div class=\"position-relative\">\n                    <div class=\"h-multiple-image-inside-container\">\n                      <div class=\"ratio-inner\">\n                        <div data-colibri-id=\"13-c12\" class=\"d-block style-1318 style-local-13-c12 position-relative h-element\">\n                          <!---->\n                          <div class=\"h-image__frame-container-outer\">\n                            <div class=\"h-image__frame-container\">\n                              <!---->\n                              <div class=\"h-image__overlay style-1318-overlay style-local-13-c12-overlay\">\n                                <div class=\"overlay-layer\">\n                                  <div class=\"overlay-image-layer\" style=\"background-color: rgb(255, 255, 255); opacity: 0.5;\"><\/div>\n                                <\/div>\n                              <\/div>\n                              <img loading=\"lazy\" decoding=\"async\" width=\"1331\" height=\"1332\" src=\"https:\/\/celine-bonacina.com\/wp-content\/uploads\/2023\/09\/cropped-rond-celine.jpg\" class=\"style-1317-images style-local-13-c11-images wp-image-1736 style-1318-image style-local-13-c12-image\" alt=\"\" srcset=\"https:\/\/celine-bonacina.com\/wp-content\/uploads\/2023\/09\/cropped-rond-celine.jpg 1331w, https:\/\/celine-bonacina.com\/wp-content\/uploads\/2023\/09\/cropped-rond-celine-300x300.jpg 300w, https:\/\/celine-bonacina.com\/wp-content\/uploads\/2023\/09\/cropped-rond-celine-1024x1024.jpg 1024w, https:\/\/celine-bonacina.com\/wp-content\/uploads\/2023\/09\/cropped-rond-celine-150x150.jpg 150w, https:\/\/celine-bonacina.com\/wp-content\/uploads\/2023\/09\/cropped-rond-celine-768x769.jpg 768w, https:\/\/celine-bonacina.com\/wp-content\/uploads\/2023\/09\/cropped-rond-celine-12x12.jpg 12w\" sizes=\"auto, (max-width: 1331px) 100vw, 1331px\" \/>\n                              <div class=\"h-image__frame h-hide-lg h-hide-md h-hide-sm style-1318-frameImage style-local-13-c12-frameImage\"><\/div>\n                            <\/div>\n                          <\/div>\n                        <\/div>\n                        <div data-colibri-id=\"13-c13\" class=\"d-block style-1319 style-local-13-c13 position-relative h-element\">\n                          <!---->\n                          <div class=\"h-image__frame-container-outer\">\n                            <div class=\"h-image__frame-container\">\n                              <!---->\n                              <div class=\"h-image__overlay style-1319-overlay style-local-13-c13-overlay\">\n                                <div class=\"overlay-layer\">\n                                  <div class=\"overlay-image-layer\" style=\"background-color: rgb(3, 169, 244); opacity: 0.5;\"><\/div>\n                                <\/div>\n                              <\/div>\n                              <img loading=\"lazy\" decoding=\"async\" width=\"113\" height=\"150\" src=\"https:\/\/celine-bonacina.com\/wp-content\/uploads\/2021\/06\/cropped-cropped-bg3-min-150x150-1.jpg\" class=\"style-1317-images style-local-13-c11-images wp-image-1737 style-1319-image style-local-13-c13-image\" alt=\"\" srcset=\"https:\/\/celine-bonacina.com\/wp-content\/uploads\/2021\/06\/cropped-cropped-bg3-min-150x150-1.jpg 113w, https:\/\/celine-bonacina.com\/wp-content\/uploads\/2021\/06\/cropped-cropped-bg3-min-150x150-1-9x12.jpg 9w\" sizes=\"auto, (max-width: 113px) 100vw, 113px\" \/>\n                              <div class=\"h-image__frame h-hide-lg h-hide-md h-hide-sm style-1319-frameImage style-local-13-c13-frameImage\"><\/div>\n                            <\/div>\n                          <\/div>\n                        <\/div>\n                        <div data-colibri-id=\"13-c14\" class=\"d-block style-1320 style-local-13-c14 position-relative h-element\">\n                          <!---->\n                          <div class=\"h-image__frame-container-outer\">\n                            <div class=\"h-image__frame-container\">\n                              <!---->\n                              <div class=\"h-image__overlay style-1320-overlay style-local-13-c14-overlay\">\n                                <div class=\"overlay-layer\">\n                                  <div class=\"overlay-image-layer\" style=\"background-color: rgb(3, 169, 244); opacity: 0.5;\"><\/div>\n                                <\/div>\n                              <\/div>\n                              <img loading=\"lazy\" decoding=\"async\" width=\"382\" height=\"512\" src=\"https:\/\/celine-bonacina.com\/wp-content\/uploads\/2021\/06\/cropped-cropped-DSC6576-681x1024-1.jpg\" class=\"style-1317-images style-local-13-c11-images wp-image-1734 style-1320-image style-local-13-c14-image\" alt=\"\" srcset=\"https:\/\/celine-bonacina.com\/wp-content\/uploads\/2021\/06\/cropped-cropped-DSC6576-681x1024-1.jpg 382w, https:\/\/celine-bonacina.com\/wp-content\/uploads\/2021\/06\/cropped-cropped-DSC6576-681x1024-1-224x300.jpg 224w, https:\/\/celine-bonacina.com\/wp-content\/uploads\/2021\/06\/cropped-cropped-DSC6576-681x1024-1-9x12.jpg 9w\" sizes=\"auto, (max-width: 382px) 100vw, 382px\" \/>\n                              <div class=\"h-image__frame h-hide-lg h-hide-md h-hide-sm style-1320-frameImage style-local-13-c14-frameImage\"><\/div>\n                            <\/div>\n                          <\/div>\n                        <\/div>\n                        <div data-colibri-id=\"13-c15\" class=\"d-block style-1321 style-local-13-c15 position-relative h-element\">\n                          <!---->\n                          <div class=\"h-image__frame-container-outer\">\n                            <div class=\"h-image__frame-container\">\n                              <!---->\n                              <div class=\"h-image__overlay style-1321-overlay style-local-13-c15-overlay\">\n                                <div class=\"overlay-layer\">\n                                  <div class=\"overlay-image-layer\" style=\"background-color: rgb(255, 255, 255); opacity: 0.5;\"><\/div>\n                                <\/div>\n                              <\/div>\n                              <img loading=\"lazy\" decoding=\"async\" width=\"200\" height=\"199\" src=\"https:\/\/celine-bonacina.com\/wp-content\/uploads\/2021\/06\/cropped-celine1-min-200x300-1.jpg\" class=\"style-1317-images style-local-13-c11-images wp-image-1738 style-1321-image style-local-13-c15-image\" alt=\"\" srcset=\"https:\/\/celine-bonacina.com\/wp-content\/uploads\/2021\/06\/cropped-celine1-min-200x300-1.jpg 200w, https:\/\/celine-bonacina.com\/wp-content\/uploads\/2021\/06\/cropped-celine1-min-200x300-1-150x150.jpg 150w, https:\/\/celine-bonacina.com\/wp-content\/uploads\/2021\/06\/cropped-celine1-min-200x300-1-12x12.jpg 12w\" sizes=\"auto, (max-width: 200px) 100vw, 200px\" \/>\n                              <div class=\"h-image__frame h-hide-lg h-hide-md h-hide-sm style-1321-frameImage style-local-13-c15-frameImage\"><\/div>\n                            <\/div>\n                          <\/div>\n                        <\/div>\n                      <\/div>\n                    <\/div>\n                  <\/div>\n                <\/div>\n              <\/div>\n            <\/div>\n          <\/div>\n        <\/div>\n      <\/div>\n    <\/div>\n  <\/div>\n  <div data-colibri-component=\"section\" data-colibri-id=\"13-c24\" id=\"custom\" class=\"h-section h-section-global-spacing d-flex align-items-lg-center align-items-md-center align-items-center style-1362 style-local-13-c24 position-relative\">\n    <!---->\n    <!---->\n    <div class=\"h-section-grid-container h-section-boxed-container\">\n      <!---->\n      <div data-colibri-id=\"13-c25\" class=\"h-row-container gutters-row-lg-2 gutters-row-md-2 gutters-row-0 gutters-row-v-lg-2 gutters-row-v-md-2 gutters-row-v-2 style-1363 style-local-13-c25 position-relative\">\n        <!---->\n        <div class=\"h-row justify-content-lg-center justify-content-md-center justify-content-center align-items-lg-stretch align-items-md-stretch align-items-stretch gutters-col-lg-2 gutters-col-md-2 gutters-col-0 gutters-col-v-lg-2 gutters-col-v-md-2 gutters-col-v-2\">\n          <!---->\n          <div class=\"h-column h-column-container d-flex h-col-lg-auto h-col-md-auto h-col-auto style-1364-outer style-local-13-c26-outer\">\n            <div data-colibri-id=\"13-c26\" class=\"d-flex h-flex-basis h-column__inner h-ui-empty-state-container h-px-lg-2 h-px-md-2 h-px-2 v-inner-lg-2 v-inner-md-2 v-inner-2 style-1364 style-local-13-c26 position-relative\">\n              <!---->\n              <!---->\n              <div class=\"w-100 h-y-container h-column__content h-column__v-align flex-basis-100\">\n                <!---->\n              <\/div>\n            <\/div>\n          <\/div>\n          <div class=\"h-column h-column-container d-flex h-col-lg-auto h-col-md-auto h-col-auto style-1365-outer style-local-13-c27-outer\">\n            <div data-colibri-id=\"13-c27\" class=\"d-flex h-flex-basis h-column__inner h-px-lg-2 h-px-md-2 h-px-2 v-inner-lg-2 v-inner-md-2 v-inner-2 style-1365 style-local-13-c27 position-relative\">\n              <!---->\n              <!---->\n              <div class=\"w-100 h-y-container h-column__content h-column__v-align flex-basis-100 align-self-lg-start align-self-md-start align-self-start\">\n                <!---->\n                <div data-colibri-id=\"13-c29\" class=\"h-text h-text-component style-1367 style-local-13-c29 position-relative h-element\">\n                  <!---->\n                  <!---->\n                  <div class=\"\">\n                    <p style=\"cursor: text;\"><span style=\"font-family: &quot;Open Sans&quot;; cursor: text; font-weight: 700;\">Distinctions:<\/span><\/p>\n                    <p>2021: D\u00e9cor\u00e9e Chevalier des Arts et des Lettres par le Minist\u00e8re de la Culture<\/p>\n                    <p>2019: Prix du Public au<strong>&nbsp;BMW Welt Award&nbsp;<\/strong>de Munich<\/p>\n                    <p>2018-2019: Artiste associ\u00e9e en r\u00e9sidence au&nbsp;<strong>C<\/strong>entre&nbsp;<strong>R<\/strong>\u00e9gional&nbsp;<strong>D<\/strong>u&nbsp;<strong>J<\/strong>azz en Pays de la Loire<\/p>\n                    <p>2017 \u2192 2023: Figure dans le palmar\u00e8s \u00ab&nbsp;<strong>Rising Star<\/strong>&nbsp;\u00bb du magazine am\u00e9ricain \u00ab&nbsp;<strong>Downbeat<\/strong>&nbsp;\u00bb<\/p>\n                    <p>2013 : Elue&nbsp;<strong>jeune talent ADAMI<\/strong><\/p>\n                    <p>2012 :&nbsp;S\u00e9lectionn\u00e9e pour le Projet europ\u00e9en \u00ab&nbsp;<strong>Take Five Europe<\/strong>&nbsp;\u00bb<\/p>\n                    <p>2011 :&nbsp;Nomin\u00e9e dans la cat\u00e9gorie&nbsp;<strong>R\u00e9v\u00e9lation Instrumentale<\/strong>&nbsp;des&nbsp;<strong>Victoires du Jazz<\/strong><\/p>\n                    <p>2009 : Laur\u00e9ate du&nbsp;<strong>Tremplin Rezzo Jazz \u00e0 Vienne<\/strong><\/p>\n                    <p>2007 :&nbsp;Prix de groupe au&nbsp;<strong>Concours National de jazz de la D\u00e9fense&nbsp;<\/strong><\/p>\n                    <p>\n                      <br>\n                    <\/p>\n                  <\/div>\n                <\/div>\n              <\/div>\n            <\/div>\n          <\/div>\n          <div class=\"h-column h-column-container d-flex h-col-lg-auto h-col-md-auto h-col-auto style-1366-outer style-local-13-c28-outer\">\n            <div data-colibri-id=\"13-c28\" class=\"d-flex h-flex-basis h-column__inner h-ui-empty-state-container h-px-lg-2 h-px-md-2 h-px-2 v-inner-lg-2 v-inner-md-2 v-inner-2 style-1366 style-local-13-c28 position-relative\">\n              <!---->\n              <!---->\n              <div class=\"w-100 h-y-container h-column__content h-column__v-align flex-basis-100\">\n                <!---->\n              <\/div>\n            <\/div>\n          <\/div>\n        <\/div>\n      <\/div>\n    <\/div>\n  <\/div>\n<\/div>","protected":false},"excerpt":{"rendered":"<p>N\u00e9e \u00e0 Belfort en 1975, la saxophoniste&nbsp;C\u00e9line Bonacina&nbsp;commence la musique \u00e0 l\u2019\u00e2ge de sept ans en conservatoire (Belfort, Besan\u00e7on, Paris\u2026), puis se sp\u00e9cialise au saxophone baryton dans les big band parisiens entre 1996 et 1998. Install\u00e9e pendant sept ans \u00e0 la R\u00e9union, elle se produit dans de nombreux festivals de l\u2019Oc\u00e9an Indien, notamment en premi\u00e8res [&hellip;]<\/p>\n","protected":false},"author":2,"featured_media":543,"parent":0,"menu_order":0,"comment_status":"closed","ping_status":"closed","template":"page-templates\/full-width-page.php","meta":{"footnotes":""},"tags":[],"class_list":["post-13","page","type-page","status-publish","has-post-thumbnail","hentry"],"_links":{"self":[{"href":"https:\/\/celine-bonacina.com\/en\/wp-json\/wp\/v2\/pages\/13","targetHints":{"allow":["GET"]}}],"collection":[{"href":"https:\/\/celine-bonacina.com\/en\/wp-json\/wp\/v2\/pages"}],"about":[{"href":"https:\/\/celine-bonacina.com\/en\/wp-json\/wp\/v2\/types\/page"}],"author":[{"embeddable":true,"href":"https:\/\/celine-bonacina.com\/en\/wp-json\/wp\/v2\/users\/2"}],"replies":[{"embeddable":true,"href":"https:\/\/celine-bonacina.com\/en\/wp-json\/wp\/v2\/comments?post=13"}],"version-history":[{"count":11,"href":"https:\/\/celine-bonacina.com\/en\/wp-json\/wp\/v2\/pages\/13\/revisions"}],"predecessor-version":[{"id":1809,"href":"https:\/\/celine-bonacina.com\/en\/wp-json\/wp\/v2\/pages\/13\/revisions\/1809"}],"wp:featuredmedia":[{"embeddable":true,"href":"https:\/\/celine-bonacina.com\/en\/wp-json\/wp\/v2\/media\/543"}],"wp:attachment":[{"href":"https:\/\/celine-bonacina.com\/en\/wp-json\/wp\/v2\/media?parent=13"}],"wp:term":[{"taxonomy":"post_tag","embeddable":true,"href":"https:\/\/celine-bonacina.com\/en\/wp-json\/wp\/v2\/tags?post=13"}],"curies":[{"name":"wp","href":"https:\/\/api.w.org\/{rel}","templated":true}]}}