{"id":31,"date":"2021-05-31T11:25:57","date_gmt":"2021-05-31T09:25:57","guid":{"rendered":"https:\/\/celine-bonacina.com\/official\/?page_id=31"},"modified":"2021-06-28T11:58:01","modified_gmt":"2021-06-28T09:58:01","slug":"fly-fly","status":"publish","type":"page","link":"http:\/\/celine-bonacina.com\/en\/fly-fly\/","title":{"rendered":"Fly Fly"},"content":{"rendered":"<figure class=\"wp-block-embed is-type-video is-provider-youtube wp-block-embed-youtube wp-embed-aspect-16-9 wp-has-aspect-ratio\"><div class=\"wp-block-embed__wrapper\">\n<iframe loading=\"lazy\" title=\"Ce\u0301line Bonacina | Fly Fly  | EPK\" width=\"500\" height=\"281\" src=\"https:\/\/www.youtube.com\/embed\/xHQCQdseRLE?feature=oembed\" frameborder=\"0\" allow=\"accelerometer; autoplay; clipboard-write; encrypted-media; gyroscope; picture-in-picture; web-share\" referrerpolicy=\"strict-origin-when-cross-origin\" allowfullscreen><\/iframe>\n<\/div><\/figure>\n\n\n\n<h2 class=\"wp-block-heading\">C\u00e9line Bonacina Fly Fly<\/h2>\n\n\n\n<p><strong>C\u00e9line Bonacina<\/strong>: saxophones baryton, soprano, voix<\/p>\n\n\n\n<p><strong>Jean-Luc Di Fraya<\/strong>: batterie, percussions, voix<\/p>\n\n\n\n<p><strong>Chris Jennings<\/strong>: contrebasse<\/p>\n\n\n\n<p>Invit\u00e9: <strong>Pierre Durand<\/strong> ou <strong>Nguy\u00ean L\u00ea<\/strong>: guitare<\/p>","protected":false},"excerpt":{"rendered":"<p>C\u00e9line Bonacina Fly Fly C\u00e9line Bonacina: saxophones baryton, soprano, voix Jean-Luc Di Fraya: batterie, percussions, voix Chris Jennings: contrebasse Invit\u00e9: Pierre Durand ou Nguy\u00ean L\u00ea: guitare<\/p>","protected":false},"author":2,"featured_media":0,"parent":0,"menu_order":0,"comment_status":"closed","ping_status":"closed","template":"","meta":{"footnotes":""},"tags":[],"class_list":["post-31","page","type-page","status-publish","hentry"],"_links":{"self":[{"href":"http:\/\/celine-bonacina.com\/en\/wp-json\/wp\/v2\/pages\/31","targetHints":{"allow":["GET"]}}],"collection":[{"href":"http:\/\/celine-bonacina.com\/en\/wp-json\/wp\/v2\/pages"}],"about":[{"href":"http:\/\/celine-bonacina.com\/en\/wp-json\/wp\/v2\/types\/page"}],"author":[{"embeddable":true,"href":"http:\/\/celine-bonacina.com\/en\/wp-json\/wp\/v2\/users\/2"}],"replies":[{"embeddable":true,"href":"http:\/\/celine-bonacina.com\/en\/wp-json\/wp\/v2\/comments?post=31"}],"version-history":[{"count":1,"href":"http:\/\/celine-bonacina.com\/en\/wp-json\/wp\/v2\/pages\/31\/revisions"}],"predecessor-version":[{"id":244,"href":"http:\/\/celine-bonacina.com\/en\/wp-json\/wp\/v2\/pages\/31\/revisions\/244"}],"wp:attachment":[{"href":"http:\/\/celine-bonacina.com\/en\/wp-json\/wp\/v2\/media?parent=31"}],"wp:term":[{"taxonomy":"post_tag","embeddable":true,"href":"http:\/\/celine-bonacina.com\/en\/wp-json\/wp\/v2\/tags?post=31"}],"curies":[{"name":"wp","href":"https:\/\/api.w.org\/{rel}","templated":true}]}}